{"id":10,"date":"2018-09-28T12:14:18","date_gmt":"2018-09-28T10:14:18","guid":{"rendered":"http:\/\/carokez.sk\/?page_id=10"},"modified":"2021-02-15T19:49:28","modified_gmt":"2021-02-15T18:49:28","slug":"kontakt","status":"publish","type":"page","link":"https:\/\/carokez.sk\/index.php\/kontakt\/","title":{"rendered":"Kontakt"},"content":{"rendered":"<p>Skautsk\u00fd zbor p\u00f4sob\u00ed na \u00fazem\u00ed Rovinky a Dunajskej Lu\u017enej.<br \/>Miesta a \u010dasy na\u0161ich stretnut\u00ed\u00a0 si m\u00f4\u017eete pozrie\u0165 v pravej \u010dasti na\u0161ej str\u00e1nky.<\/p>\n<p>Ak m\u00e1te chu\u0165 n\u00e1m nap\u00edsa\u0165 e-mail, p\u00ed\u0161te na<br \/><strong>carokez<\/strong> <em>zavin\u00e1\u010d<\/em> <strong>carokez<\/strong> <em>bodka<\/em> <strong>sk<\/strong><\/p>\n<p><strong>S\u00eddlo zboru <\/strong><em>(koren\u0161poden\u010dn\u00e1 adresa)<\/em><strong>:<\/strong><br \/>Slovensk\u00fd skauting, 42. zbor \u010carok\u00e9z, \u017ditn\u00fd ostrov<br \/>Ladislav Jedin\u00fd<br \/>\u0160kolsk\u00e1 46\/5<br \/>90041 Rovinka<\/p>\n<p><strong>I\u010cO: <\/strong>00598721\/8027<br \/><strong><br \/>Bankov\u00e9 spojenie:<\/strong><br \/>IBAN: SK88 1111 0000 0016 2696 4009<br \/><img loading=\"lazy\" class=\"alignnone  wp-image-845\" src=\"https:\/\/carokez.sk\/wp-content\/uploads\/2021\/02\/pay_by_square_vyziadanie_platby-263x300.jpg\" alt=\"\" width=\"185\" height=\"210\" srcset=\"https:\/\/carokez.sk\/wp-content\/uploads\/2021\/02\/pay_by_square_vyziadanie_platby-263x300.jpg 263w, https:\/\/carokez.sk\/wp-content\/uploads\/2021\/02\/pay_by_square_vyziadanie_platby.jpg 295w\" sizes=\"(max-width: 185px) 100vw, 185px\" \/><\/p>\n\n\n<p><a rel=\"noreferrer noopener\" href=\"http:\/\/ives.minv.sk\/rez\/registre\/pages\/detailzpc.aspx?id=188665&amp;full&amp;fbclid=IwAR2TzIcJT77cFdh28-0taO-J21YZHDhBopuobdCyDh5BrQnEVa3IPrtt-u0\" target=\"_blank\">Zaradenie medzi zdru\u017eenia s potvrdenou \u010dinnnos\u0165ou.<\/a> <br><em>Zabezpe\u010duje Ministerstvo vn\u00fatra Slovenskej republiky, sekcia verejnej spr\u00e1vy<\/em><\/p>\n","protected":false},"excerpt":{"rendered":"<p>Skautsk\u00fd zbor p\u00f4sob\u00ed na \u00fazem\u00ed Rovinky a Dunajskej Lu\u017enej.Miesta a \u010dasy na\u0161ich stretnut\u00ed\u00a0 si m\u00f4\u017eete pozrie\u0165 v pravej \u010dasti na\u0161ej str\u00e1nky. Ak m\u00e1te chu\u0165 n\u00e1m nap\u00edsa\u0165 e-mail, p\u00ed\u0161te nacarokez zavin\u00e1\u010d carokez bodka sk S\u00eddlo zboru (koren\u0161poden\u010dn\u00e1 adresa):Slovensk\u00fd skauting, 42. zbor \u010carok\u00e9z, \u017ditn\u00fd ostrovLadislav Jedin\u00fd\u0160kolsk\u00e1 46\/590041 Rovinka I\u010cO: 00598721\/8027Bankov\u00e9 spojenie:IBAN: SK88 1111 0000 0016 2696 4009 &hellip;<br \/><a href=\"https:\/\/carokez.sk\/index.php\/kontakt\/\" class=\"more-link pen_button pen_element_default pen_icon_arrow_double\">\u010c\u00edta\u0165 \u010falej <span class=\"screen-reader-text\">Kontakt<\/span><\/a><\/p>\n","protected":false},"author":1,"featured_media":0,"parent":0,"menu_order":0,"comment_status":"closed","ping_status":"closed","template":"","meta":{"ngg_post_thumbnail":0},"_links":{"self":[{"href":"https:\/\/carokez.sk\/index.php\/wp-json\/wp\/v2\/pages\/10"}],"collection":[{"href":"https:\/\/carokez.sk\/index.php\/wp-json\/wp\/v2\/pages"}],"about":[{"href":"https:\/\/carokez.sk\/index.php\/wp-json\/wp\/v2\/types\/page"}],"author":[{"embeddable":true,"href":"https:\/\/carokez.sk\/index.php\/wp-json\/wp\/v2\/users\/1"}],"replies":[{"embeddable":true,"href":"https:\/\/carokez.sk\/index.php\/wp-json\/wp\/v2\/comments?post=10"}],"version-history":[{"count":21,"href":"https:\/\/carokez.sk\/index.php\/wp-json\/wp\/v2\/pages\/10\/revisions"}],"predecessor-version":[{"id":851,"href":"https:\/\/carokez.sk\/index.php\/wp-json\/wp\/v2\/pages\/10\/revisions\/851"}],"wp:attachment":[{"href":"https:\/\/carokez.sk\/index.php\/wp-json\/wp\/v2\/media?parent=10"}],"curies":[{"name":"wp","href":"https:\/\/api.w.org\/{rel}","templated":true}]}}