{"id":157,"date":"2018-10-17T18:14:28","date_gmt":"2018-10-17T16:14:28","guid":{"rendered":"https:\/\/carokez.sk\/?page_id=157"},"modified":"2021-11-27T23:16:01","modified_gmt":"2021-11-27T22:16:01","slug":"galeria","status":"publish","type":"page","link":"https:\/\/carokez.sk\/index.php\/galeria\/","title":{"rendered":"Gal\u00e9ria"},"content":{"rendered":"\n<p>Aj na\u0161a web str\u00e1nka sa postupne vyv\u00edja a ako jej administr\u00e1torovi sa jav\u00ed, \u017ee do bud\u00facna je pre m\u0148a jednoduch\u0161ie jednotliv\u00e9 gal\u00e9rie vklada\u0165 priamo do textov a str\u00e1nok, ktor\u00fdch sa priamo t\u00fdkaj\u00fa.<br>Mysl\u00edm si, \u017ee je to tak pohodlnej\u0161ie aj pre v\u00e1s na\u0161ich n\u00e1v\u0161tevn\u00edkov, aby ste nemuseli listova\u0165 v gal\u00e9rii, ktor\u00e9 obr\u00e1zky skuto\u010dne patria k dan\u00e9mu pr\u00edspevku.<\/p>\n\n\n\n<h2>Star\u00e1 gal\u00e9ria<\/h2>\n\n\n\n<p><em><font size=\"-1\">Pre vstup do konkr\u00e9tnej gal\u00e9rie klikni na pr\u00edslu\u0161n\u00fd obr\u00e1zok <\/font><\/em><\/p>\n\n\n<table border=\"0\">\n<tbody>\n<tr>\n<td align=\"left\" valign=\"top\" width=\"250\"><a href=\"https:\/\/www.zonerama.com\/carokez\/Album\/6112064?secret=MklF85bqXK15IRQKdiG4tJD2A\" target=\"_blank\" rel=\"noopener\"><img class=\"\" src=\"https:\/\/carokez.sk\/wp-content\/uploads\/2020\/03\/VVD_2020.jpg\"><\/a><\/td>\n<td align=\"left\" valign=\"top\"><strong>Vl\u010diacko v\u010dielkarske dni &#8211; Hviezdne dni<br>\n<\/strong>6-8.3.2020 &#8211; Senec<\/td>\n<\/tr>\n<tr>\n<td align=\"left\" valign=\"top\" width=\"250\"><a href=\"https:\/\/www.zonerama.com\/Link\/Album\/5691601?secret=5Ob5fmBqusyhvQCt05592K7dF\" target=\"_blank\" rel=\"noopener\"><img class=\"\" src=\"https:\/\/carokez.sk\/wp-content\/uploads\/2019\/10\/DSC01253.jpg\"><\/a><\/td>\n<td align=\"left\" valign=\"top\"><strong>Skautsk\u00fd t\u00e1bor<br>\n<\/strong>14-21.7.2019 &#8211; Star\u00e1 Tur\u00e1<br>\n<i>komplet foto<\/i><\/td>\n<\/tr>\n<tr>\n<td align=\"left\" valign=\"top\" width=\"250\"><a href=\"https:\/\/www.zonerama.com\/Link\/Album\/5471164?secret=E3yN0d020S0PCJsGwe8IS81Nr\" target=\"_blank\" rel=\"noopener\"><img class=\"\" src=\"https:\/\/carokez.sk\/wp-content\/uploads\/2019\/07\/DSC00783.jpg\"><\/a><\/td>\n<td align=\"left\" valign=\"top\"><strong>Skautsk\u00fd t\u00e1bor<br>\n<\/strong>14-21.7.2019 &#8211; Star\u00e1 Tur\u00e1<\/td>\n<\/tr>\n<tr>\n<td align=\"left\" valign=\"top\" width=\"250\"><a href=\"https:\/\/www.zonerama.com\/Link\/Album\/5235753?secret=4O79gE3e252g1K60ST7WFFiMD\" target=\"_blank\" rel=\"noopener\"><img class=\"\" src=\"https:\/\/carokez.sk\/wp-content\/uploads\/2019\/04\/brigada.jpg\"><\/a><\/td>\n<td align=\"left\" valign=\"top\">Brig\u00e1da &#8211;&nbsp;<b>&#8222;De\u0148 zeme&#8220;<\/b> a oddielov\u00e1 oslava<br>\n6.4.2019 &#8211; Dunajsk\u00e1 Lu\u017en\u00e1<br>\n13.4.2019 &#8211; Rovinka<\/td>\n<\/tr>\n<tr>\n<td align=\"left\" valign=\"top\" width=\"250\"><a href=\"https:\/\/www.zonerama.com\/Link\/Album\/5204536?secret=1I61pDfUF37OKP39p649UgAkg\" target=\"_blank\" rel=\"noopener\"><img class=\"\" src=\"https:\/\/carokez.sk\/wp-content\/uploads\/2019\/04\/pekna_cesta.jpg\"><\/a><\/td>\n<td align=\"left\" valign=\"top\">V\u00fdlet<br>\n<b>Pekn\u00e1 Cesta &#8211; vl\u010diacka odborka &#8222;indi\u00e1n&#8220;<\/b><br>\n30.3.2019<\/td>\n<\/tr>\n<tr>\n<td align=\"left\" valign=\"top\" width=\"250\"><a href=\"https:\/\/www.zonerama.com\/Link\/Album\/5235924?secret=14T4eadLyxvHs08Td0viRKT4K\" target=\"_blank\" rel=\"noopener\"><img class=\"\" src=\"https:\/\/carokez.sk\/wp-content\/uploads\/2019\/04\/betlehemske_svetlo.jpg\"><\/a><\/td>\n<td align=\"left\" valign=\"top\"><b>Betlehemsk\u00e9 svetlo<\/b><br>\nDunajsk\u00e1 Lu\u017en\u00e1, Rovinka<br>\n23.12.2018<\/td>\n<\/tr>\n<tr>\n<td align=\"left\" valign=\"top\" width=\"250\"><a href=\"https:\/\/www.zonerama.com\/Link\/Album\/5236005?secret=aqxeL4GyP1aGukMK3Su6410vP\" target=\"_blank\" rel=\"noopener\"><img class=\"\" src=\"https:\/\/carokez.sk\/wp-content\/uploads\/2019\/04\/satkovanie.jpg\"><\/a><\/td>\n<td align=\"left\" valign=\"top\"><strong>\u0160atkovanie<\/strong><br>\n18.12.2018 &#8211; Rovinka<br>\n22.12.2018 &#8211; Dunajsk\u00e1 Lu\u017en\u00e1<\/td>\n<\/tr>\n<tr>\n<td align=\"left\" valign=\"top\" width=\"250\"><a href=\"https:\/\/www.zonerama.com\/Link\/Album\/5235993?secret=nKmpDiad57213iUj8koSi2ov8\" target=\"_blank\" rel=\"noopener\"><img class=\"\" src=\"https:\/\/carokez.sk\/wp-content\/uploads\/2019\/04\/hasici.jpg\"><\/a><\/td>\n<td align=\"left\" valign=\"top\">Exkurzia<br>\n<b>Hasi\u010dsk\u00e1 stanica &#8211; H\u00e1lkova ul. Bratislava<\/b><br>\n1.12.2018<\/td>\n<\/tr>\n<tr>\n<td align=\"left\" valign=\"top\" width=\"250\"><a href=\"https:\/\/www.zonerama.com\/Link\/Album\/5236015?secret=h45Gmc4Q0j5VE0HtGB53559wV\" target=\"_blank\" rel=\"noopener\"><img loading=\"lazy\" class=\"\" src=\"https:\/\/carokez.sk\/wp-content\/uploads\/2019\/04\/horaren_topolove.jpg\" width=\"248\" height=\"188\"><\/a><\/td>\n<td align=\"left\" valign=\"top\">Prv\u00fd oddielov\u00fd v\u00fdlet<br>\n<b>Hor\u00e1re\u0148 Topo\u013eov\u00e9<\/b><br>\n31.10.2018<\/td>\n<\/tr>\n<\/tbody>\n<\/table>\n<p><em><strong>In\u0161trukcie k pou\u017e\u00edvaniu fotogal\u00e9rie:<\/strong><\/em><br>\n<em>&#8211; Vzh\u013eadom na obmedzen\u00fd priestor v r\u00e1mci n\u00e1\u0161ho webhostingu pou\u017e\u00edvame pre \u00fa\u010dely na\u0161ej gal\u00e9rie extern\u00fa fotobanku, ktor\u00e1 n\u00e1m poskytuje neobmedzen\u00fd priestor.<\/em><br>\n<em>&#8211; Ak si chcete pozrie\u0165 konkr\u00e9tnu fotogal\u00e9riu, kliknite pros\u00edm na n\u00e1h\u013eadov\u00fd obr\u00e1zok. Gal\u00e9ria sa otvor\u00ed v novom okne. Po jeho uzatvoren\u00ed m\u00f4\u017eete \u010falej pokra\u010dova\u0165 v prehliadan\u00ed na\u0161ej str\u00e1nky.<\/em><\/p>","protected":false},"excerpt":{"rendered":"<p>Aj na\u0161a web str\u00e1nka sa postupne vyv\u00edja a ako jej administr\u00e1torovi sa jav\u00ed, \u017ee do bud\u00facna je pre m\u0148a jednoduch\u0161ie jednotliv\u00e9 gal\u00e9rie vklada\u0165 priamo do textov a str\u00e1nok, ktor\u00fdch sa priamo t\u00fdkaj\u00fa.Mysl\u00edm si, \u017ee je to tak pohodlnej\u0161ie aj pre v\u00e1s na\u0161ich n\u00e1v\u0161tevn\u00edkov, aby ste nemuseli listova\u0165 v gal\u00e9rii, ktor\u00e9 obr\u00e1zky skuto\u010dne patria k dan\u00e9mu &hellip;<br \/><a href=\"https:\/\/carokez.sk\/index.php\/galeria\/\" class=\"more-link pen_button pen_element_default pen_icon_arrow_double\">\u010c\u00edta\u0165 \u010falej <span class=\"screen-reader-text\">Gal\u00e9ria<\/span><\/a><\/p>\n","protected":false},"author":1,"featured_media":0,"parent":0,"menu_order":0,"comment_status":"closed","ping_status":"closed","template":"","meta":{"ngg_post_thumbnail":0},"_links":{"self":[{"href":"https:\/\/carokez.sk\/index.php\/wp-json\/wp\/v2\/pages\/157"}],"collection":[{"href":"https:\/\/carokez.sk\/index.php\/wp-json\/wp\/v2\/pages"}],"about":[{"href":"https:\/\/carokez.sk\/index.php\/wp-json\/wp\/v2\/types\/page"}],"author":[{"embeddable":true,"href":"https:\/\/carokez.sk\/index.php\/wp-json\/wp\/v2\/users\/1"}],"replies":[{"embeddable":true,"href":"https:\/\/carokez.sk\/index.php\/wp-json\/wp\/v2\/comments?post=157"}],"version-history":[{"count":34,"href":"https:\/\/carokez.sk\/index.php\/wp-json\/wp\/v2\/pages\/157\/revisions"}],"predecessor-version":[{"id":991,"href":"https:\/\/carokez.sk\/index.php\/wp-json\/wp\/v2\/pages\/157\/revisions\/991"}],"wp:attachment":[{"href":"https:\/\/carokez.sk\/index.php\/wp-json\/wp\/v2\/media?parent=157"}],"curies":[{"name":"wp","href":"https:\/\/api.w.org\/{rel}","templated":true}]}}