{"id":170,"date":"2018-10-18T22:44:27","date_gmt":"2018-10-18T20:44:27","guid":{"rendered":"https:\/\/carokez.sk\/?page_id=170"},"modified":"2019-01-23T10:56:43","modified_gmt":"2019-01-23T09:56:43","slug":"skautska-prax","status":"publish","type":"page","link":"https:\/\/carokez.sk\/index.php\/skautska-prax\/","title":{"rendered":"Skautsk\u00e1 prax"},"content":{"rendered":"<p><a href=\"https:\/\/carokez.sk\/index.php\/skautska-prax\/bobrici\/\">Bobr\u00edci<\/a><br \/>\n<a href=\"https:\/\/carokez.sk\/index.php\/skautska-prax\/prva-pomoc\/\">Prv\u00e1 pomoc<\/a><br \/>\n<a href=\"https:\/\/carokez.sk\/index.php\/skautska-prax\/skauting\/\">Skauting<\/a><br \/>\n<a href=\"https:\/\/carokez.sk\/index.php\/skautska-prax\/uzly\/\">Uzly<\/a><br \/>\n<a href=\"https:\/\/carokez.sk\/index.php\/skautska-prax\/vybava\/\">V\u00fdbava<\/a><\/p>\n","protected":false},"excerpt":{"rendered":"<p>Bobr\u00edci Prv\u00e1 pomoc Skauting Uzly V\u00fdbava<\/p>\n","protected":false},"author":1,"featured_media":0,"parent":0,"menu_order":0,"comment_status":"closed","ping_status":"closed","template":"","meta":{"ngg_post_thumbnail":0},"_links":{"self":[{"href":"https:\/\/carokez.sk\/index.php\/wp-json\/wp\/v2\/pages\/170"}],"collection":[{"href":"https:\/\/carokez.sk\/index.php\/wp-json\/wp\/v2\/pages"}],"about":[{"href":"https:\/\/carokez.sk\/index.php\/wp-json\/wp\/v2\/types\/page"}],"author":[{"embeddable":true,"href":"https:\/\/carokez.sk\/index.php\/wp-json\/wp\/v2\/users\/1"}],"replies":[{"embeddable":true,"href":"https:\/\/carokez.sk\/index.php\/wp-json\/wp\/v2\/comments?post=170"}],"version-history":[{"count":4,"href":"https:\/\/carokez.sk\/index.php\/wp-json\/wp\/v2\/pages\/170\/revisions"}],"predecessor-version":[{"id":418,"href":"https:\/\/carokez.sk\/index.php\/wp-json\/wp\/v2\/pages\/170\/revisions\/418"}],"wp:attachment":[{"href":"https:\/\/carokez.sk\/index.php\/wp-json\/wp\/v2\/media?parent=170"}],"curies":[{"name":"wp","href":"https:\/\/api.w.org\/{rel}","templated":true}]}}