{"id":225,"date":"2018-10-27T15:41:50","date_gmt":"2018-10-27T13:41:50","guid":{"rendered":"https:\/\/carokez.sk\/?page_id=225"},"modified":"2020-10-05T12:07:12","modified_gmt":"2020-10-05T10:07:12","slug":"kto-sme","status":"publish","type":"page","link":"https:\/\/carokez.sk\/index.php\/o-stranke\/kto-sme\/","title":{"rendered":"Kto sme"},"content":{"rendered":"<p>Medzi riekami Dunaj, Mal\u00fd Dunaj a V\u00e1h sa rozprestiera ostrov opraden\u00fd stovkami legiend i pravdiv\u00fdch pr\u00edbehov. Na tomto \u00fazem\u00ed vraj \u017eili draci, obri, lesn\u00e9 v\u00edly a in\u00e9 magick\u00e9 bytosti. Ostrov bol od nepam\u00e4ti zn\u00e1my svojimi zradn\u00fdmi mo\u010diarmi, nepreniknute\u013en\u00fdmi lesmi, ale tie\u017e \u00farodnou p\u00f4dou.\u00a0Toto miesto bolo skr\u00e1tka magick\u00e9.<\/p>\n<p>Nem\u00f4\u017eeme sa teda \u010dudova\u0165, \u017ee \u017ditn\u00fd ostrov z\u00edskal mnoho pr\u00edvlastkov a \u013eudia ho naz\u00fdvali \u010darovnou, alebo zlatou z\u00e1hradou. Star\u00ed ma\u010fari dali tomuto miestu n\u00e1zov Csall\u00f3-k\u00f6z.<\/p>\n<p>N\u00e1zov n\u00e1\u0161ho zboru \u010carok\u00e9z je teda slovnou hra\u010dkou p\u00f4vodn\u00e9ho n\u00e1zvu ostrova a z\u00e1rove\u0148 vyjadruje m\u00e1giu tohto miesta. N\u00e1zov \u010carok\u00e9z v sebe nesie siln\u00fd n\u00e1dych indi\u00e1nskej romantiky, ke\u010f v \u0148om mo\u017eno po\u010du\u0165, respekt\u00edve c\u00edti\u0165 meno indi\u00e1nskeho kme\u0148a \u010cerok\u00e9zov.<\/p>\n<p>12.8.2019 do\u0161lo k zalo\u017eeniu n\u00e1\u0161ho zboru. Tomu predch\u00e1dzalo delenie p\u00f4vodn\u00e9ho oddielu na dva samostatn\u00e9 oddiely pod\u013ea geografickej pr\u00edslu\u0161nosti na oddiel Rovinka a oddiel Dunajsk\u00e1 Lu\u017en\u00e1.<br \/><br \/>Od septembra 2020 sa rozrast\u00e1me o nov\u00fd oddiel v Malinove pod veden\u00edm brata Vrab\u010da<br \/><br \/>Kontaktn\u00e9 \u00fadaje, vr\u00e1tane dokumentov o pridelen\u00ed n\u00e1\u0161ho I\u010cO n\u00e1jdete na str\u00e1nke <a href=\"https:\/\/carokez.sk\/index.php\/kontakt\/\">&#8222;kontakt&#8220;<\/a><\/p>\n\n\n<p><\/p>\n","protected":false},"excerpt":{"rendered":"<p>Medzi riekami Dunaj, Mal\u00fd Dunaj a V\u00e1h sa rozprestiera ostrov opraden\u00fd stovkami legiend i pravdiv\u00fdch pr\u00edbehov. Na tomto \u00fazem\u00ed vraj \u017eili draci, obri, lesn\u00e9 v\u00edly a in\u00e9 magick\u00e9 bytosti. Ostrov bol od nepam\u00e4ti zn\u00e1my svojimi zradn\u00fdmi mo\u010diarmi, nepreniknute\u013en\u00fdmi lesmi, ale tie\u017e \u00farodnou p\u00f4dou.\u00a0Toto miesto bolo skr\u00e1tka magick\u00e9. Nem\u00f4\u017eeme sa teda \u010dudova\u0165, \u017ee \u017ditn\u00fd ostrov z\u00edskal &hellip;<br \/><a href=\"https:\/\/carokez.sk\/index.php\/o-stranke\/kto-sme\/\" class=\"more-link pen_button pen_element_default pen_icon_arrow_double\">\u010c\u00edta\u0165 \u010falej <span class=\"screen-reader-text\">Kto sme<\/span><\/a><\/p>\n","protected":false},"author":1,"featured_media":0,"parent":9,"menu_order":0,"comment_status":"closed","ping_status":"closed","template":"","meta":{"ngg_post_thumbnail":0},"_links":{"self":[{"href":"https:\/\/carokez.sk\/index.php\/wp-json\/wp\/v2\/pages\/225"}],"collection":[{"href":"https:\/\/carokez.sk\/index.php\/wp-json\/wp\/v2\/pages"}],"about":[{"href":"https:\/\/carokez.sk\/index.php\/wp-json\/wp\/v2\/types\/page"}],"author":[{"embeddable":true,"href":"https:\/\/carokez.sk\/index.php\/wp-json\/wp\/v2\/users\/1"}],"replies":[{"embeddable":true,"href":"https:\/\/carokez.sk\/index.php\/wp-json\/wp\/v2\/comments?post=225"}],"version-history":[{"count":3,"href":"https:\/\/carokez.sk\/index.php\/wp-json\/wp\/v2\/pages\/225\/revisions"}],"predecessor-version":[{"id":795,"href":"https:\/\/carokez.sk\/index.php\/wp-json\/wp\/v2\/pages\/225\/revisions\/795"}],"up":[{"embeddable":true,"href":"https:\/\/carokez.sk\/index.php\/wp-json\/wp\/v2\/pages\/9"}],"wp:attachment":[{"href":"https:\/\/carokez.sk\/index.php\/wp-json\/wp\/v2\/media?parent=225"}],"curies":[{"name":"wp","href":"https:\/\/api.w.org\/{rel}","templated":true}]}}