{"id":229,"date":"2018-10-27T15:55:59","date_gmt":"2018-10-27T13:55:59","guid":{"rendered":"https:\/\/carokez.sk\/?page_id=229"},"modified":"2020-12-16T11:58:52","modified_gmt":"2020-12-16T10:58:52","slug":"na-stiahnutie","status":"publish","type":"page","link":"https:\/\/carokez.sk\/index.php\/na-stiahnutie\/","title":{"rendered":"Na stiahnutie"},"content":{"rendered":"<p>Stratili ste dokument, ktor\u00fd ste chceli podp\u00edsa\u0165 a za \u017eiv\u00fd svet ho nedok\u00e1\u017eete n\u00e1js\u0165?<br \/>\nTu ich priebe\u017ene aktualizujeme.<br \/>\nAk by v\u00e1m nie\u010do predsa len ch\u00fdbalo, pokojne kontaktujte svojho radcu, alebo administr\u00e1tora tejto str\u00e1nky. Radi dopln\u00edme.<\/p>\n<p><strong>N\u00e1bor do nov\u00e9ho oddielu Malinovo<br \/>\n<\/strong><a href=\"https:\/\/forms.gle\/u4mnUDsu3tUTQi3A7\" target=\"_blank\" rel=\"noopener noreferrer\">Kontaktn\u00fd formul\u00e1r pre n\u00e1bor v obci Malinovo<\/a><strong><br \/>\n<\/strong><em>V pr\u00edpade z\u00e1ujmu o za\u010dlenenie do oddielov v Rovinke a Dunajskej Lu\u017enej sta\u010d\u00ed pr\u00eds\u0165 cca 5 min pred zvolenou dru\u017einovkou. Ide\u00e1lne je n\u00e1s pred dru\u017einovkou kontaktova\u0165, preto\u017ee existuje mo\u017enos\u0165, \u017ee dru\u017eina si dohodla pre dan\u00fd de\u0148 alternat\u00edvny program.<\/em><\/p>\n<p><strong>Registr\u00e1cia 2021:<\/strong><br \/>\n<a href=\"https:\/\/carokez.sk\/wp-content\/uploads\/2019\/01\/slovensky-skauting_prihlaska_v2019.pdf\">Registra\u010dn\u00fd list \u010dlena 42. skautsk\u00e9ho zboru \u010carok\u00e9z<\/a><br \/>\n<strong><br \/>\nV\u00fdlety a t\u00e1bory:<br \/>\n<del><\/del><\/strong><del><a href=\"https:\/\/carokez.sk\/wp-content\/uploads\/2018\/11\/2018_12_01_prihlaska_exkurzia_hasici.docx\">Prihl\u00e1\u0161ka na exkurziu (hasi\u010di) 1.12.2018<\/a><\/del><em><del>\u00a0<\/del>uskuto\u010dnen\u00e9<\/em><br \/>\n<del><a href=\"https:\/\/carokez.sk\/wp-content\/uploads\/2018\/10\/2018_10_30_prihlaska_vylet.docx\">Prihl\u00e1\u0161ka na v\u00fdlet 30.10.2018<\/a><\/del><em>\u00a0uskuto\u010dnen\u00e9<br \/>\n<\/em><a href=\"https:\/\/carokez.sk\/wp-content\/uploads\/2020\/06\/univerz\u00e1lny_s\u00fahlas_na_akciu.docx\">Univerz\u00e1lny s\u00fahlas s \u00fa\u010das\u0165ou na akcii\/ aktivite<\/a> &#8211; plat\u00ed pre neregistrovan\u00fdch \u010dlenov (<em>vypl\u0148te pod\u013ea individu\u00e1lnych pokynov zverejnen\u00fdch pri pozv\u00e1nke na akciu\/ aktivitu<\/em>)<\/p>\n<p>In\u00e9 dokumenty:<br \/>\n<a href=\"https:\/\/carokez.sk\/wp-content\/uploads\/2018\/10\/list_pre_rodicov_suhlas_fotit_na_akciach.docx\">S\u00fahlas s vytv\u00e1ran\u00edm audiovizu\u00e1lnych z\u00e1znamov<\/a>\u00a0(Plat\u00ed len pre neregistrovan\u00fdch \u010dlenov)<\/p>\n","protected":false},"excerpt":{"rendered":"<p>Stratili ste dokument, ktor\u00fd ste chceli podp\u00edsa\u0165 a za \u017eiv\u00fd svet ho nedok\u00e1\u017eete n\u00e1js\u0165? Tu ich priebe\u017ene aktualizujeme. Ak by v\u00e1m nie\u010do predsa len ch\u00fdbalo, pokojne kontaktujte svojho radcu, alebo administr\u00e1tora tejto str\u00e1nky. Radi dopln\u00edme. N\u00e1bor do nov\u00e9ho oddielu Malinovo Kontaktn\u00fd formul\u00e1r pre n\u00e1bor v obci Malinovo V pr\u00edpade z\u00e1ujmu o za\u010dlenenie do oddielov v &hellip;<br \/><a href=\"https:\/\/carokez.sk\/index.php\/na-stiahnutie\/\" class=\"more-link pen_button pen_element_default pen_icon_arrow_double\">\u010c\u00edta\u0165 \u010falej <span class=\"screen-reader-text\">Na stiahnutie<\/span><\/a><\/p>\n","protected":false},"author":1,"featured_media":0,"parent":0,"menu_order":0,"comment_status":"closed","ping_status":"closed","template":"","meta":{"ngg_post_thumbnail":0},"_links":{"self":[{"href":"https:\/\/carokez.sk\/index.php\/wp-json\/wp\/v2\/pages\/229"}],"collection":[{"href":"https:\/\/carokez.sk\/index.php\/wp-json\/wp\/v2\/pages"}],"about":[{"href":"https:\/\/carokez.sk\/index.php\/wp-json\/wp\/v2\/types\/page"}],"author":[{"embeddable":true,"href":"https:\/\/carokez.sk\/index.php\/wp-json\/wp\/v2\/users\/1"}],"replies":[{"embeddable":true,"href":"https:\/\/carokez.sk\/index.php\/wp-json\/wp\/v2\/comments?post=229"}],"version-history":[{"count":11,"href":"https:\/\/carokez.sk\/index.php\/wp-json\/wp\/v2\/pages\/229\/revisions"}],"predecessor-version":[{"id":836,"href":"https:\/\/carokez.sk\/index.php\/wp-json\/wp\/v2\/pages\/229\/revisions\/836"}],"wp:attachment":[{"href":"https:\/\/carokez.sk\/index.php\/wp-json\/wp\/v2\/media?parent=229"}],"curies":[{"name":"wp","href":"https:\/\/api.w.org\/{rel}","templated":true}]}}