{"id":235,"date":"2018-10-27T16:31:03","date_gmt":"2018-10-27T14:31:03","guid":{"rendered":"https:\/\/carokez.sk\/?page_id=235"},"modified":"2019-11-19T19:34:39","modified_gmt":"2019-11-19T18:34:39","slug":"ine-stranky","status":"publish","type":"page","link":"https:\/\/carokez.sk\/index.php\/ine-stranky\/","title":{"rendered":"In\u00e9 str\u00e1nky"},"content":{"rendered":"<p>Pri svojich potulk\u00e1ch vo svete internetu, by sme v\u00e1m chceli da\u0165 do pozornosti nasledovn\u00e9 str\u00e1nky<\/p>\n<p><a href=\"http:\/\/www.skauting.sk\" target=\"_blank\" rel=\"noopener\">Slovensk\u00fd skauting<\/a>\u00a0&#8211; je na\u0161a matersk\u00e1 organiz\u00e1cia<br \/>\n<a href=\"https:\/\/www.delfiny.sk\/\" target=\"_blank\" rel=\"noopener\">11. zbor Biele delf\u00edny<\/a>\u00a0&#8211; je zbor, ktor\u00fd n\u00e1s zastre\u0161il a pomohol pri na\u0161om vzniku. Je n\u00e1m c\u0165ou, \u017ee to boli pr\u00e1ve oni.<\/p>\n<p><a href=\"https:\/\/www.skautske-potreby.sk\/\" target=\"_blank\" rel=\"noopener\">Skautsk\u00fd obchod<\/a>\u00a0&#8211; ktor\u00fd by ste nemali vynecha\u0165, ak v\u00e1m ch\u00fdba \u010doko\u013evek, \u010do skaut potrebuje<\/p>\n<p>Pri pr\u00edprave dru\u017einovky, alebo pokojne aj rodinn\u00e9ho v\u00fdletu sa nezaob\u00eddeme bez hier. Pekn\u00e1 a rozsiahla datab\u00e1za je napr\u00edklad <a href=\"https:\/\/www.hranostaj.cz\/\">hranostaj.cz<\/a><\/p>\n<p>P\u00f4sob\u00edme na \u00fazem\u00ed obc\u00ed\u00a0<a href=\"https:\/\/obecrovinka.sk\/\" target=\"_blank\" rel=\"noopener\">Rovinka<\/a>\u00a0a\u00a0<a href=\"https:\/\/www.dunajskaluzna.sk\/\" target=\"_blank\" rel=\"noopener\">Dunajsk\u00e1 Lu\u017en\u00e1<\/a>.<br \/>\nAk by ste h\u013eadali\u00a0<a href=\"https:\/\/dunajskaluzna.fara.sk\/?page_id=598\" target=\"_blank\" rel=\"noopener\">klub Ostrov<\/a>, kde sa stret\u00e1vaj\u00fa na\u0161i skauti z DL, n\u00e1jdete ho tie\u017e na\u00a0<a href=\"https:\/\/dunajskaluzna.fara.sk\/\" target=\"_blank\" rel=\"noopener\">farskej str\u00e1nke<\/a><\/p>\n<p>Pri pl\u00e1novan\u00ed v\u00fdletu odpor\u00fa\u010dame pozrie\u0165\u00a0<a href=\"https:\/\/mapy.hiking.sk\/?ref=navigator\" target=\"_blank\" rel=\"noopener\">turistick\u00fa mapu<\/a>\u00a0a odpor\u00fa\u010dame skontrolova\u0165\u00a0<a href=\"http:\/\/www.shmu.sk\/sk\/?page=1&amp;id=meteo_num_mgram\" target=\"_blank\" rel=\"noopener\">po\u010dasie<\/a><\/p>\n<p>Na\u0161a str\u00e1nka je prev\u00e1dzkovan\u00e1 v\u010faka podpore spolo\u010dnosti\u00a0<a href=\"https:\/\/wy.sk\/\" target=\"_blank\" rel=\"noopener\">Webglobe-Yegon<\/a><\/p>\n","protected":false},"excerpt":{"rendered":"<p>Pri svojich potulk\u00e1ch vo svete internetu, by sme v\u00e1m chceli da\u0165 do pozornosti nasledovn\u00e9 str\u00e1nky Slovensk\u00fd skauting\u00a0&#8211; je na\u0161a matersk\u00e1 organiz\u00e1cia 11. zbor Biele delf\u00edny\u00a0&#8211; je zbor, ktor\u00fd n\u00e1s zastre\u0161il a pomohol pri na\u0161om vzniku. Je n\u00e1m c\u0165ou, \u017ee to boli pr\u00e1ve oni. Skautsk\u00fd obchod\u00a0&#8211; ktor\u00fd by ste nemali vynecha\u0165, ak v\u00e1m ch\u00fdba \u010doko\u013evek, \u010do &hellip;<br \/><a href=\"https:\/\/carokez.sk\/index.php\/ine-stranky\/\" class=\"more-link pen_button pen_element_default pen_icon_arrow_double\">\u010c\u00edta\u0165 \u010falej <span class=\"screen-reader-text\">In\u00e9 str\u00e1nky<\/span><\/a><\/p>\n","protected":false},"author":1,"featured_media":0,"parent":0,"menu_order":0,"comment_status":"closed","ping_status":"closed","template":"","meta":{"ngg_post_thumbnail":0},"_links":{"self":[{"href":"https:\/\/carokez.sk\/index.php\/wp-json\/wp\/v2\/pages\/235"}],"collection":[{"href":"https:\/\/carokez.sk\/index.php\/wp-json\/wp\/v2\/pages"}],"about":[{"href":"https:\/\/carokez.sk\/index.php\/wp-json\/wp\/v2\/types\/page"}],"author":[{"embeddable":true,"href":"https:\/\/carokez.sk\/index.php\/wp-json\/wp\/v2\/users\/1"}],"replies":[{"embeddable":true,"href":"https:\/\/carokez.sk\/index.php\/wp-json\/wp\/v2\/comments?post=235"}],"version-history":[{"count":6,"href":"https:\/\/carokez.sk\/index.php\/wp-json\/wp\/v2\/pages\/235\/revisions"}],"predecessor-version":[{"id":638,"href":"https:\/\/carokez.sk\/index.php\/wp-json\/wp\/v2\/pages\/235\/revisions\/638"}],"wp:attachment":[{"href":"https:\/\/carokez.sk\/index.php\/wp-json\/wp\/v2\/media?parent=235"}],"curies":[{"name":"wp","href":"https:\/\/api.w.org\/{rel}","templated":true}]}}