{"id":32,"date":"2018-10-03T18:47:15","date_gmt":"2018-10-03T16:47:15","guid":{"rendered":"http:\/\/carokez.sk\/?page_id=32"},"modified":"2024-01-03T17:15:10","modified_gmt":"2024-01-03T16:15:10","slug":"biele_pumy","status":"publish","type":"page","link":"https:\/\/carokez.sk\/index.php\/oddiely\/biele_pumy\/","title":{"rendered":"Biele Pumy"},"content":{"rendered":"<p><img src=\"https:\/\/carokez.sk\/wp-content\/uploads\/2018\/10\/logo_biele_pumy_FB_male.jpg\" alt=\"Biele Pumy\" align=\"left\" hspace=\"10\/\"><strong>Biele Pumy<\/strong><\/p>\n<p>chlapci 11-15 rokov &#8211; miesto stretnutia Rovinka (pod platanom)<br \/>\nutorok 18:45-20:00<br \/>\n<strong>radca: Biely Medve\u010f<\/strong><\/p>\n<p>Du\u017eina Biele pumy je historicky najstar\u0161ia dru\u017eina v na\u0161om oddieli.<br \/>\nVznikla 6.4.2016 pod veden\u00edm brata Rytiera. Na za\u010diatku sa stret\u00e1valo 6 v\u013a\u010dat so svojim radcom. Pre\u0161li svoj\u00edm v\u00fdvojom a dnes sa dru\u017einoviek pravidelne z\u00fa\u010dast\u0148uje 8-10 \u010dlenov.<\/p>\n<p>Na z\u00e1klade \u010dinnosti tejto dru\u017einy sa za\u010diatkom leta 2018 stretli Jacho, Rytier a Biely Medve\u010f a dohodli sa na zalo\u017een\u00ed spolo\u010dn\u00e9ho oddielu. My\u0161lienku zalo\u017eenia oddielu rozv\u00edjal aj brat Vrab\u010do, ktor\u00fd sa k n\u00e1m pridal e\u0161te v \u0161t\u00e1diu pr\u00edpravy vzniku oddielu. V septembri 2018 sa uskuto\u010dnil n\u00e1bor nov\u00fdch skautov a zalo\u017eil sa skautsk\u00fd oddiel \u010carok\u00e9z.<br \/>\n&#8212;&#8212;&#8212;&#8212;&#8212;&#8212;&#8212;&#8212;&#8212;&#8212;&#8212;&#8212;&#8212;&#8212;&#8212;&#8212;&#8212;&#8212;&#8212;&#8212;&#8212;&#8212;&#8212;&#8212;&#8212;&#8212;&#8212;&#8211;<br \/>\nBiela Puma je ve\u013emi vz\u00e1cny, jedine\u010dn\u00fd druh, doslova endemit, vyskytuj\u00faci sa iba na \u0161pecifickom \u00fazem\u00ed skautsk\u00e9ho oddielu <strong>\u010carok\u00e9z<\/strong>. Je to organizmus, ktor\u00fd vznikol a&nbsp;je roz\u0161\u00edren\u00fd iba v&nbsp;ur\u010ditom obmedzenom \u00fazem\u00ed a&nbsp;nikde inde sa nevyskytuje.<br \/>\n<em>Do \u00favahy sa berie iba jej prirodzen\u00fd v\u00fdskyt.<\/em><\/p>\n<p>N\u00e1zov vznikol po spolo\u010dnom v\u00fdbere a&nbsp;jednohlasnom zvolen\u00ed v\u0161etk\u00fdch \u010dlenov na prv\u00fdch sch\u00f4dzkach dru\u017einy.<br \/>\nBiela farba bola vybran\u00e1 z&nbsp;d\u00f4vodu \u0161\u00edrenia pokoja, mieru a&nbsp;porozumenia medzi sebou. Puma bola vybran\u00e1 z&nbsp;d\u00f4vodu po\u010detnej ob\u013euby men\u0161\u00edch ma\u010dkovit\u00fdch \u0161eliem, dravcov a&nbsp;pred\u00e1torov. Na z\u00e1klade zhody na vlastnostiach ak\u00fdmi s\u00fa r\u00fdchlos\u0165, hbitos\u0165, dravos\u0165, prisp\u00f4sobivos\u0165, staranie sa o&nbsp;seba i&nbsp;o&nbsp;druh\u00fdch, vytrvalos\u0165, bojovnos\u0165 at\u010f. sa dru\u017eina rozhodla pr\u00e1ve pre tento typ men\u0161ej ma\u010dkovitej \u0161elmy.<br \/>\nOb\u013e\u00faben\u00fd uzol na\u0161ej dru\u017einy je Uzol dobr\u00e9ho skutku, ktor\u00fd si via\u017eeme bu\u010f, ke\u010f sa rozhodneme spravi\u0165 dobr\u00fd skutok alebo ke\u010f sa o\u0148 aspo\u0148 pok\u00fa\u0161ame.<br \/>\nNiekedy sa n\u00e1m ale nedar\u00ed spravi\u0165 aspo\u0148 jeden dobr\u00fd skutok, no chceme proti tejto neresti bojova\u0165 ako Biela Puma.<br \/>\n<strong>Na\u0161\u00edm heslom st\u00e1le zost\u00e1va By\u0165 st\u00e1le lep\u0161\u00edm!<\/strong><br \/>\nZ p\u00f4vodnej dru\u017einy zostalo iba p\u00e1r vytrval\u00fdch a&nbsp;skaln\u00fdch \u010dlenov, no po novom n\u00e1bore sa k&nbsp;n\u00e1m pridali nov\u00ed \u010dlenovia, ktor\u00ed vynikaj\u00faco zapadli a&nbsp;vytv\u00e1raj\u00fa tak nov\u00fa gener\u00e1ciu.<\/p>\n","protected":false},"excerpt":{"rendered":"<p>Biele Pumy chlapci 11-15 rokov &#8211; miesto stretnutia Rovinka (pod platanom) utorok 18:45-20:00 radca: Biely Medve\u010f Du\u017eina Biele pumy je historicky najstar\u0161ia dru\u017eina v na\u0161om oddieli. Vznikla 6.4.2016 pod veden\u00edm brata Rytiera. Na za\u010diatku sa stret\u00e1valo 6 v\u013a\u010dat so svojim radcom. Pre\u0161li svoj\u00edm v\u00fdvojom a dnes sa dru\u017einoviek pravidelne z\u00fa\u010dast\u0148uje 8-10 \u010dlenov. Na z\u00e1klade \u010dinnosti &hellip;<br \/><a href=\"https:\/\/carokez.sk\/index.php\/oddiely\/biele_pumy\/\" class=\"more-link pen_button pen_element_default pen_icon_arrow_double\">\u010c\u00edta\u0165 \u010falej <span class=\"screen-reader-text\">Biele Pumy<\/span><\/a><\/p>\n","protected":false},"author":1,"featured_media":0,"parent":36,"menu_order":0,"comment_status":"closed","ping_status":"closed","template":"","meta":{"ngg_post_thumbnail":0},"_links":{"self":[{"href":"https:\/\/carokez.sk\/index.php\/wp-json\/wp\/v2\/pages\/32"}],"collection":[{"href":"https:\/\/carokez.sk\/index.php\/wp-json\/wp\/v2\/pages"}],"about":[{"href":"https:\/\/carokez.sk\/index.php\/wp-json\/wp\/v2\/types\/page"}],"author":[{"embeddable":true,"href":"https:\/\/carokez.sk\/index.php\/wp-json\/wp\/v2\/users\/1"}],"replies":[{"embeddable":true,"href":"https:\/\/carokez.sk\/index.php\/wp-json\/wp\/v2\/comments?post=32"}],"version-history":[{"count":17,"href":"https:\/\/carokez.sk\/index.php\/wp-json\/wp\/v2\/pages\/32\/revisions"}],"predecessor-version":[{"id":1010,"href":"https:\/\/carokez.sk\/index.php\/wp-json\/wp\/v2\/pages\/32\/revisions\/1010"}],"up":[{"embeddable":true,"href":"https:\/\/carokez.sk\/index.php\/wp-json\/wp\/v2\/pages\/36"}],"wp:attachment":[{"href":"https:\/\/carokez.sk\/index.php\/wp-json\/wp\/v2\/media?parent=32"}],"curies":[{"name":"wp","href":"https:\/\/api.w.org\/{rel}","templated":true}]}}