{"id":34,"date":"2018-10-03T18:47:33","date_gmt":"2018-10-03T16:47:33","guid":{"rendered":"http:\/\/carokez.sk\/?page_id=34"},"modified":"2024-01-03T17:17:05","modified_gmt":"2024-01-03T16:17:05","slug":"macicky","status":"publish","type":"page","link":"https:\/\/carokez.sk\/index.php\/oddiely\/macicky\/","title":{"rendered":"Ma\u010di\u010dky"},"content":{"rendered":"<p><strong>Ma\u010di\u010dky <\/strong><\/p>\n<p>Diev\u010dat\u00e1 9-13 rokov \u2013 miesto stretnutia Rovinka (Dom Slu\u017eieb &#8211; Hlavn\u00e1 ul.) \u2013 Utorok 17:00-18:30<br>radca: Biely Medve\u010f<\/p>\n\n\n<p>Ma\u010dky s\u00fa \u010dasto chovan\u00e9 pre svoju priate\u013esk\u00fa povahu. \u00dadajne dok\u00e1\u017eu vyc\u00edti\u0165 pozit\u00edvnu energiu a obvykle plat\u00ed, \u017ee kde je dobre ma\u010dk\u00e1m, je dobre aj \u013eu\u010fom. S\u00fa to v\u00fdborn\u00ed lovci, siln\u00ed a zdatn\u00ed, s v\u00fdborn\u00fdm sluchom a ostr\u00fdm zrakom. Ma\u010dky tr\u00e1via aspo\u0148 hodinu denne starostlivos\u0165ou o srs\u0165, ktor\u00fa olizuj\u00fa drsn\u00fdm jazykom.<br>Ma\u010dky s\u00fa ve\u013emi samostatn\u00e9 a nez\u00e1visl\u00e9 &#8211; ni\u010d\u00edm nesp\u00fatan\u00e9 tvory. <br>N\u00e1s o\u010darili v\u0161etky ich pozit\u00edvne vlastnosti a chceli by sme ich nasledova\u0165 aj v na\u0161om be\u017enom \u017eivote.<br><br>Okrem toho s\u00fa v r\u00f4znych rozpr\u00e1vkach a pr\u00edbehoch ma\u010dky sp\u00e1jan\u00e9 s drakmi. \u017de to nie je n\u00e1hoda a dobre spolu vych\u00e1dzaj\u00fa dokumentuje aj fakt, \u017ee na\u0161a dru\u017eina sa pravidelne stret\u00e1va spolu s <a href=\"https:\/\/carokez.sk\/index.php\/druziny\/draci\/\" data-type=\"82\">dru\u017einou drakov<\/a>.<\/p>\n","protected":false},"excerpt":{"rendered":"<p>Ma\u010di\u010dky Diev\u010dat\u00e1 9-13 rokov \u2013 miesto stretnutia Rovinka (Dom Slu\u017eieb &#8211; Hlavn\u00e1 ul.) \u2013 Utorok 17:00-18:30radca: Biely Medve\u010f Ma\u010dky s\u00fa \u010dasto chovan\u00e9 pre svoju priate\u013esk\u00fa povahu. \u00dadajne dok\u00e1\u017eu vyc\u00edti\u0165 pozit\u00edvnu energiu a obvykle plat\u00ed, \u017ee kde je dobre ma\u010dk\u00e1m, je dobre aj \u013eu\u010fom. S\u00fa to v\u00fdborn\u00ed lovci, siln\u00ed a zdatn\u00ed, s v\u00fdborn\u00fdm sluchom a ostr\u00fdm &hellip;<br \/><a href=\"https:\/\/carokez.sk\/index.php\/oddiely\/macicky\/\" class=\"more-link pen_button pen_element_default pen_icon_arrow_double\">\u010c\u00edta\u0165 \u010falej <span class=\"screen-reader-text\">Ma\u010di\u010dky<\/span><\/a><\/p>\n","protected":false},"author":1,"featured_media":0,"parent":36,"menu_order":0,"comment_status":"closed","ping_status":"closed","template":"","meta":{"ngg_post_thumbnail":0},"_links":{"self":[{"href":"https:\/\/carokez.sk\/index.php\/wp-json\/wp\/v2\/pages\/34"}],"collection":[{"href":"https:\/\/carokez.sk\/index.php\/wp-json\/wp\/v2\/pages"}],"about":[{"href":"https:\/\/carokez.sk\/index.php\/wp-json\/wp\/v2\/types\/page"}],"author":[{"embeddable":true,"href":"https:\/\/carokez.sk\/index.php\/wp-json\/wp\/v2\/users\/1"}],"replies":[{"embeddable":true,"href":"https:\/\/carokez.sk\/index.php\/wp-json\/wp\/v2\/comments?post=34"}],"version-history":[{"count":7,"href":"https:\/\/carokez.sk\/index.php\/wp-json\/wp\/v2\/pages\/34\/revisions"}],"predecessor-version":[{"id":1012,"href":"https:\/\/carokez.sk\/index.php\/wp-json\/wp\/v2\/pages\/34\/revisions\/1012"}],"up":[{"embeddable":true,"href":"https:\/\/carokez.sk\/index.php\/wp-json\/wp\/v2\/pages\/36"}],"wp:attachment":[{"href":"https:\/\/carokez.sk\/index.php\/wp-json\/wp\/v2\/media?parent=34"}],"curies":[{"name":"wp","href":"https:\/\/api.w.org\/{rel}","templated":true}]}}