{"id":407,"date":"2019-01-09T08:38:08","date_gmt":"2019-01-09T07:38:08","guid":{"rendered":"https:\/\/carokez.sk\/?page_id=407"},"modified":"2021-07-14T07:58:39","modified_gmt":"2021-07-14T05:58:39","slug":"oddielova-rada","status":"publish","type":"page","link":"https:\/\/carokez.sk\/index.php\/o-stranke\/oddielova-rada\/","title":{"rendered":"Zborov\u00e1 rada"},"content":{"rendered":"<p><em>Hist\u00f3ria n\u00e1\u0161ho zboru siaha do minulosti a\u017e ku zrodu dru\u017einy <a href=\"https:\/\/carokez.sk\/index.php\/druziny\/biele_pumy\/\">Biele Pumy.<\/a><br \/><\/em><em>Spomen\u00fa\u0165 treba i ve\u013emi \u00faspe\u0161n\u00fd n\u00e1bor v septembri 2018 a cel\u00fa n\u00e1sledn\u00fa \u010dinnos\u0165.<\/em><br \/><em>No ofici\u00e1lna hist\u00f3ria sa za\u010d\u00edna p\u00edsa\u0165 pridelen\u00edm \u010d\u00edsla oddielu.<\/em><\/p>\n<h4><strong>Od 1.1.2019 sme I. skautsk\u00fd oddiel \u010carok\u00e9z<\/strong><\/h4>\n<h3><strong>D\u0148a 12.8.2019 sme oddiel pov\u00fd\u0161ili na 42. zbor skautov \u010carok\u00e9z, \u017eitn\u00fd ostrov<\/strong><\/h3>\n<p>P\u00f4vodn\u00fd oddiel bol rozdelen\u00fd na samostatn\u00e9 oddiely Rovinka a oddiel Dunajsk\u00e1 Lu\u017en\u00e1<\/p>\n<p><em><strong>Zborov\u00e1 rada je tvoren\u00e1 vodcami oddielov, zborov\u00fdm vodcom, z\u00e1stupcom zborov\u00e9ho vodcu, z\u00e1stupcom rodi\u010dov a zborov\u00fdm ekon\u00f3mom<br \/><\/strong><\/em><br \/><strong>Beba <\/strong>&#8211; Al\u017ebeta Svetlansk\u00e1<br \/><strong>Biely Medve\u010f<\/strong> &#8211; Ladislav Jedin\u00fd <span style=\"color: #808080;\">&#8211; <em>zborov\u00fd vodca<br \/><\/em><\/span><strong>Drobec &#8211;\u00a0<\/strong>Jana Trnkov\u00e1<span style=\"color: #808080;\">&#8211; <em>vodky\u0148a oddielu Dunajsk\u00e1 Lu\u017en\u00e1<\/em><\/span><br \/><strong>Jacho <\/strong>&#8211; Ivor Svetlansk\u00fd<span style=\"color: #808080;\">\u00a0<\/span><br \/><strong>Majka <\/strong>&#8211; M\u00e1ria Anna Jedin\u00e1 <span style=\"color: #808080;\">&#8211; <em>vodky\u0148a oddielu Rovinka<\/em><\/span><br \/><strong>Panda <\/strong>&#8211; Jakub Jedin\u00fd<br \/><strong>Vrab\u010do <\/strong>&#8211; Robert Proch\u00e1zka <span style=\"color: #808080;\">&#8211; z\u00e1stupca zborov\u00e9ho vodcu, <\/span><span style=\"color: #808080;\">vodca oddielu Malinovo<\/span><\/p>\n<h3>Vedenie zboru a oddielov:<\/h3>\n<ul>\n<li><strong>Biely Medve\u010f<\/strong>\u00a0 \u00a0 \u00a0 \u00a0 od 12.08.2019 do s\u00fa\u010dasnos\u0165\u00a0 \u00a0 \u00a0 \u00a0zborov\u00fd\u00a0<em>vodca<\/em><\/li>\n<li><strong>Drobec\u00a0 \u00a0 \u00a0 \u00a0 \u00a0 \u00a0 \u00a0 \u00a0 \u00a0 \u00a0 <\/strong>od 13.7.2021 do s\u00fa\u010dastnos\u0165\u00a0 \u00a0 \u00a0 \u00a0 <em>vodky\u0148a oddielu Dunajsk\u00e1 Lu\u017en\u00e1<\/em><\/li>\n<li><strong>Majka\u00a0 \u00a0 \u00a0 \u00a0 \u00a0 \u00a0 \u00a0 \u00a0 \u00a0 \u00a0 \u00a0 <\/strong>od 12.8.2019 do s\u00fa\u010dasnos\u0165\u00a0 \u00a0 \u00a0 \u00a0 \u00a0 <em>vodca oddielu Rovinka<\/em><\/li>\n<li><strong>Vrab\u010do\u00a0 \u00a0 \u00a0 \u00a0 \u00a0 \u00a0 \u00a0 \u00a0 \u00a0 \u00a0\u00a0<\/strong> od 20.9.2020 do s\u00fa\u010dasnos\u0165\u00a0 \u00a0 \u00a0 \u00a0 \u00a0 <em>vodca oddielu Malinovo<br \/><br \/>&#8212;&#8212;&#8212;&#8212;&#8212;&#8212;&#8212;&#8211; hist\u00f3ria vo veden\u00ed\u00a0 &#8212;&#8212;&#8212;&#8212;&#8212;&#8212;&#8212;&#8212;&#8212;&#8212;&#8211;<\/em><\/li>\n<li><strong>Jacho\u00a0 \u00a0 \u00a0 \u00a0 \u00a0 \u00a0 \u00a0 \u00a0 \u00a0 \u00a0 \u00a0 \u00a0<\/strong>od 12.8.2019 do 13.7.2021\u00a0 \u00a0 \u00a0 \u00a0 \u00a0 <em>vodca oddielu Dunajsk\u00e1 Lu\u017en\u00e1<\/em><\/li>\n<li><strong>Biely Medve\u010f<\/strong>\u00a0 \u00a0 \u00a0 \u00a0 od 27.01.2019 do 12.8.2019\u00a0 \u00a0 \u00a0 \u00a0 \u00a0<em>vodca oddielu \u010carok\u00e9z<\/em><\/li>\n<li><strong>Rytier<\/strong>\u00a0 \u00a0 \u00a0 \u00a0 \u00a0 \u00a0 \u00a0 \u00a0 \u00a0 \u00a0 \u00a0 \u00a0od 01.09.2018 do 27.01.2019\u00a0 \u00a0 \u00a0 \u00a0<em>vodca oddielu \u010carok\u00e9z<\/em><\/li>\n<\/ul>\n\n\n<p>&nbsp;<\/p>\n","protected":false},"excerpt":{"rendered":"<p>Hist\u00f3ria n\u00e1\u0161ho zboru siaha do minulosti a\u017e ku zrodu dru\u017einy Biele Pumy.Spomen\u00fa\u0165 treba i ve\u013emi \u00faspe\u0161n\u00fd n\u00e1bor v septembri 2018 a cel\u00fa n\u00e1sledn\u00fa \u010dinnos\u0165.No ofici\u00e1lna hist\u00f3ria sa za\u010d\u00edna p\u00edsa\u0165 pridelen\u00edm \u010d\u00edsla oddielu. Od 1.1.2019 sme I. skautsk\u00fd oddiel \u010carok\u00e9z D\u0148a 12.8.2019 sme oddiel pov\u00fd\u0161ili na 42. zbor skautov \u010carok\u00e9z, \u017eitn\u00fd ostrov P\u00f4vodn\u00fd oddiel bol rozdelen\u00fd &hellip;<br \/><a href=\"https:\/\/carokez.sk\/index.php\/o-stranke\/oddielova-rada\/\" class=\"more-link pen_button pen_element_default pen_icon_arrow_double\">\u010c\u00edta\u0165 \u010falej <span class=\"screen-reader-text\">Zborov\u00e1 rada<\/span><\/a><\/p>\n","protected":false},"author":1,"featured_media":0,"parent":9,"menu_order":0,"comment_status":"closed","ping_status":"closed","template":"","meta":{"ngg_post_thumbnail":0},"_links":{"self":[{"href":"https:\/\/carokez.sk\/index.php\/wp-json\/wp\/v2\/pages\/407"}],"collection":[{"href":"https:\/\/carokez.sk\/index.php\/wp-json\/wp\/v2\/pages"}],"about":[{"href":"https:\/\/carokez.sk\/index.php\/wp-json\/wp\/v2\/types\/page"}],"author":[{"embeddable":true,"href":"https:\/\/carokez.sk\/index.php\/wp-json\/wp\/v2\/users\/1"}],"replies":[{"embeddable":true,"href":"https:\/\/carokez.sk\/index.php\/wp-json\/wp\/v2\/comments?post=407"}],"version-history":[{"count":12,"href":"https:\/\/carokez.sk\/index.php\/wp-json\/wp\/v2\/pages\/407\/revisions"}],"predecessor-version":[{"id":877,"href":"https:\/\/carokez.sk\/index.php\/wp-json\/wp\/v2\/pages\/407\/revisions\/877"}],"up":[{"embeddable":true,"href":"https:\/\/carokez.sk\/index.php\/wp-json\/wp\/v2\/pages\/9"}],"wp:attachment":[{"href":"https:\/\/carokez.sk\/index.php\/wp-json\/wp\/v2\/media?parent=407"}],"curies":[{"name":"wp","href":"https:\/\/api.w.org\/{rel}","templated":true}]}}