{"id":460,"date":"2019-02-19T11:38:10","date_gmt":"2019-02-19T10:38:10","guid":{"rendered":"https:\/\/carokez.sk\/?page_id=460"},"modified":"2021-11-27T17:29:52","modified_gmt":"2021-11-27T16:29:52","slug":"2-vasich-dani","status":"publish","type":"page","link":"https:\/\/carokez.sk\/index.php\/2-vasich-dani\/","title":{"rendered":"2% va\u0161ich dan\u00ed"},"content":{"rendered":"<p>V\u00e1\u017een\u00ed rodi\u010dia a na\u0161i dobr\u00ed priatelia.<\/p>\n<p><em>Tak, ako ka\u017ed\u00fd in\u00fd rok, aj teraz m\u00e1te vo svojich ruk\u00e1ch moc nad t\u00fdm, ako bud\u00fa vyu\u017eit\u00e9 2% <strong>(ak m\u00e1te odpracovan\u00fdch 40 hod dobrovo\u013en\u00edckej pr\u00e1ce, potom m\u00f4\u017eete venova\u0165 a\u017e 3%)<\/strong> va\u0161ich dan\u00ed.<\/em><br \/>\n<em>Ak ich venujete komuko\u013evek, ver\u00edme, \u017ee pom\u00f4\u017eu re\u00e1lnemu rozvoju prij\u00edmate\u013ea a naplnenia jeho cie\u013eov a ver\u00edme, \u017ee t\u00fdm urob\u00edte svet okolo seba o k\u00fasok lep\u0161\u00ed a kraj\u0161\u00ed.<\/em><\/p>\n<p>V pr\u00edpade, \u017ee sa rozhodnete podpori\u0165 pr\u00e1ve n\u00e1s, budeme v\u00e1m naozaj v\u010fa\u010dn\u00ed.<\/p>\n<p>V\u010faka v\u00e1m m\u00f4\u017eeme z 2% nak\u00fapi\u0165 nov\u00e9 stany, \u0161atky pre n\u00e1\u0161 skautsk\u00fd zbor a tie\u017e m\u00f4\u017eeme podpori\u0165 aj vzdel\u00e1vanie na\u0161ich radcov a vodcov (radcovsk\u00e9 kurzy, zdravotn\u00e9 kurzy at\u010f)<\/p>\n<p><strong>\u00fadaje, ktor\u00e9 treba vyplni\u0165 do vyhl\u00e1senia o pouk\u00e1zan\u00ed podielu zaplatenej dane z pr\u00edjmov, kde ako prij\u00edmate\u013ea 2% (3%) pros\u00edme uvies\u0165<\/p>\n<p><\/strong><em>I\u010cO : 00598721\/8027<\/em><br \/>\n<em>Pr\u00e1vna forma: Ob\u010dianske zdru\u017eenie<\/em><br \/>\n<em>Obchodn\u00e9 meno : Slovensk\u00fd skauting, 42. zbor \u010carok\u00e9z, \u017ditn\u00fd ostrov<\/em><\/p>\n<p><em><u>S\u00eddlo:<br \/>\n<\/u>\u0160kolsk\u00e1 46\/5<\/em><br \/>\n<em>90041 Rovinka<br \/>\nSlovensk\u00e1 republika<\/p>\n<p>IBAN: SK88 1111 0000 0016 2696 4009<\/em><\/p>\n<p>Aktu\u00e1lne tla\u010div\u00e1 k da\u0148ov\u00e9mu priznaniu a vyhl\u00e1senie o pouk\u00e1zan\u00ed 2% dan\u00ed n\u00e1jdete na str\u00e1nke <a href=\"https:\/\/rozhodni.sk\/poukazatel\/tlaciva-na-poukazanie-2-z-dane\/\" target=\"_blank\" rel=\"noopener noreferrer\">www.rozhodni.sk<\/a><strong><br \/>\n<\/strong><strong>\u010eAKUJEME<br \/>\n<\/strong><br \/>\n<em>&#8212;&#8212;&#8212;&#8212;&#8212;&#8212;&#8212;&#8212;&#8212;&#8212;&#8212;&#8212;&#8212;&#8212;&#8212;&#8212;&#8212;&#8212;&#8212;&#8212;<br \/>\nPozn\u00e1mka:<br \/>\n&#8211; V r\u00e1mci n\u00e1\u0161ho zboru je aktu\u00e1lne registrovan\u00fdch 132 \u010dlenov<br \/>\n&#8211; 3% m\u00f4\u017eu venova\u0165 t\u00ed, ktor\u00ed maj\u00fa za minul\u00fd rok odpracovan\u00fdch aspo\u0148 40 hod\u00edn dobrovo\u013en\u00edckej pr\u00e1ce<\/em><\/p>\n","protected":false},"excerpt":{"rendered":"<p>V\u00e1\u017een\u00ed rodi\u010dia a na\u0161i dobr\u00ed priatelia. Tak, ako ka\u017ed\u00fd in\u00fd rok, aj teraz m\u00e1te vo svojich ruk\u00e1ch moc nad t\u00fdm, ako bud\u00fa vyu\u017eit\u00e9 2% (ak m\u00e1te odpracovan\u00fdch 40 hod dobrovo\u013en\u00edckej pr\u00e1ce, potom m\u00f4\u017eete venova\u0165 a\u017e 3%) va\u0161ich dan\u00ed. Ak ich venujete komuko\u013evek, ver\u00edme, \u017ee pom\u00f4\u017eu re\u00e1lnemu rozvoju prij\u00edmate\u013ea a naplnenia jeho cie\u013eov a ver\u00edme, \u017ee &hellip;<br \/><a href=\"https:\/\/carokez.sk\/index.php\/2-vasich-dani\/\" class=\"more-link pen_button pen_element_default pen_icon_arrow_double\">\u010c\u00edta\u0165 \u010falej <span class=\"screen-reader-text\">2% va\u0161ich dan\u00ed<\/span><\/a><\/p>\n","protected":false},"author":1,"featured_media":0,"parent":0,"menu_order":0,"comment_status":"closed","ping_status":"closed","template":"","meta":{"ngg_post_thumbnail":0},"_links":{"self":[{"href":"https:\/\/carokez.sk\/index.php\/wp-json\/wp\/v2\/pages\/460"}],"collection":[{"href":"https:\/\/carokez.sk\/index.php\/wp-json\/wp\/v2\/pages"}],"about":[{"href":"https:\/\/carokez.sk\/index.php\/wp-json\/wp\/v2\/types\/page"}],"author":[{"embeddable":true,"href":"https:\/\/carokez.sk\/index.php\/wp-json\/wp\/v2\/users\/1"}],"replies":[{"embeddable":true,"href":"https:\/\/carokez.sk\/index.php\/wp-json\/wp\/v2\/comments?post=460"}],"version-history":[{"count":12,"href":"https:\/\/carokez.sk\/index.php\/wp-json\/wp\/v2\/pages\/460\/revisions"}],"predecessor-version":[{"id":889,"href":"https:\/\/carokez.sk\/index.php\/wp-json\/wp\/v2\/pages\/460\/revisions\/889"}],"wp:attachment":[{"href":"https:\/\/carokez.sk\/index.php\/wp-json\/wp\/v2\/media?parent=460"}],"curies":[{"name":"wp","href":"https:\/\/api.w.org\/{rel}","templated":true}]}}