{"id":8,"date":"2018-09-28T12:14:18","date_gmt":"2018-09-28T10:14:18","guid":{"rendered":"http:\/\/carokez.sk\/?page_id=8"},"modified":"2021-07-14T08:11:55","modified_gmt":"2021-07-14T06:11:55","slug":"uvodna-stranka","status":"publish","type":"page","link":"https:\/\/carokez.sk\/","title":{"rendered":"\u00davod"},"content":{"rendered":"<p><img loading=\"lazy\" class=\"\" src=\"https:\/\/carokez.sk\/wp-content\/uploads\/2018\/11\/DSC04048.jpg\" alt=\"Byt skautami nas bavi\" width=\"412\" height=\"412\" align=\"left\" hspace=\"10\/\" \/>42. zbor skautov\u00a0<strong>\u010carok\u00e9z<\/strong> p\u00f4sob\u00ed na \u00fazem\u00ed Rovinky, Dunajskej Lu\u017enej a Malinova ktor\u00e9 tvoria samostatn\u00e9 oddiely.<\/p>\n<p>Historicky sme vznikli pod<a href=\"https:\/\/www.delfiny.sk\/\" target=\"_blank\" rel=\"noopener noreferrer\"> 11.zborom Biele Delf\u00edny<\/a>, ktor\u00e9 n\u00e1m pomohli pri na\u0161om vzniku a zastre\u0161ili n\u00e1s a\u017e do n\u00e1\u0161ho osamostatnenia sa 12.8.2019.<br \/>V septembri 2018 prebehol prv\u00fd n\u00e1bor skautov a skautiek, \u010doho v\u00fdsledkom bola \u010dlensk\u00e1 z\u00e1klad\u0148a cca 70 v\u013a\u010dat a v\u010dielok. Ku dne\u0161n\u00e9mu d\u0148u evidujeme vy\u0161e 120 akt\u00edvnych \u010dlenov.<br \/>Ak m\u00e1te z\u00e1ujem prida\u0165 sa k n\u00e1m, uv\u00edtame naozaj v\u0161etk\u00fdch od 6 do 99 rokov (aj ich rodi\u010dov)<\/p>\n<p>Chce\u0161 sa dozvedie\u0165 viac? \u010cas\u0165 na\u0161ej str\u00e1nky bude v bud\u00facnosti pr\u00edstupn\u00e1 len na\u0161im \u010dlenom, preto sa pros\u00edm\u00a0\u00a0<a href=\"https:\/\/carokez.sk\/wp-login.php?action=register\">ZAREGISTRUJ<\/a> a n\u00e1sledne aktualizuj svoje osobn\u00e9 \u00fadaje. Prv\u00e9 prihl\u00e1senie vykonaj pod\u013ea in\u0161trukci\u00ed zaslan\u00fdch mailom.<br \/>Ak u\u017e si registrovan\u00fd, <a href=\"https:\/\/carokez.sk\/wp-login.php\">prihl\u00e1s sa tu<\/a>.<\/p>\n<p>V\u0161etky \u00fadaje s\u00fa spracovan\u00e9 v zmysle platnej legislat\u00edvy, t\u00fdkaj\u00facej sa <a href=\"https:\/\/carokez.sk\/index.php\/2018\/10\/10\/gdpr\/\">GDPR<\/a><\/p>\n<hr \/>\n<p>Prev\u00e1dzka na\u0161ej str\u00e1nky je zabezpe\u010den\u00e1 v\u010faka podpore <a href=\"https:\/\/www.wy.sk\" target=\"_blank\" rel=\"noopener noreferrer\">www.wy.sk<\/a><\/p>\n<p><strong>Na\u0161u \u010dinnos\u0165 vykon\u00e1vame aj v\u010faka finan\u010dn\u00e9mu pr\u00edspevku M\u0160VVA\u0160 SR <\/strong><em>(ministerstvo \u0161kolstva, vedy, v\u00fdskumu a \u0161portu)<\/em> &#8211; <strong>\u010eakujeme<br \/><br \/>Za podporu tie\u017e \u010fakujeme obciam, na \u00fazem\u00ed ktor\u00fdch p\u00f4sob\u00edme.<br \/>&#8211; <\/strong>obec <strong><a href=\"https:\/\/www.dunajskaluzna.sk\/\" target=\"_blank\" rel=\"noopener noreferrer\">Dunajsk\u00e1 Lu\u017en\u00e1<\/a><br \/>&#8211; <\/strong>obec <strong><a href=\"https:\/\/obecrovinka.sk\/\" target=\"_blank\" rel=\"noopener noreferrer\">Rovinka<\/a><br \/>&#8211; <\/strong>obec <strong><a href=\"https:\/\/www.malinovo.sk\/\" target=\"_blank\" rel=\"noopener noreferrer\">Malinovo<\/a><\/strong><\/p>\n\n\n<p><\/p>\n","protected":false},"excerpt":{"rendered":"<p>42. zbor skautov\u00a0\u010carok\u00e9z p\u00f4sob\u00ed na \u00fazem\u00ed Rovinky, Dunajskej Lu\u017enej a Malinova ktor\u00e9 tvoria samostatn\u00e9 oddiely. Historicky sme vznikli pod 11.zborom Biele Delf\u00edny, ktor\u00e9 n\u00e1m pomohli pri na\u0161om vzniku a zastre\u0161ili n\u00e1s a\u017e do n\u00e1\u0161ho osamostatnenia sa 12.8.2019.V septembri 2018 prebehol prv\u00fd n\u00e1bor skautov a skautiek, \u010doho v\u00fdsledkom bola \u010dlensk\u00e1 z\u00e1klad\u0148a cca 70 v\u013a\u010dat a v\u010dielok. &hellip;<br \/><a href=\"https:\/\/carokez.sk\/\" class=\"more-link pen_button pen_element_default pen_icon_arrow_double\">\u010c\u00edta\u0165 \u010falej <span class=\"screen-reader-text\">\u00davod<\/span><\/a><\/p>\n","protected":false},"author":1,"featured_media":0,"parent":0,"menu_order":0,"comment_status":"closed","ping_status":"closed","template":"","meta":{"ngg_post_thumbnail":0},"_links":{"self":[{"href":"https:\/\/carokez.sk\/index.php\/wp-json\/wp\/v2\/pages\/8"}],"collection":[{"href":"https:\/\/carokez.sk\/index.php\/wp-json\/wp\/v2\/pages"}],"about":[{"href":"https:\/\/carokez.sk\/index.php\/wp-json\/wp\/v2\/types\/page"}],"author":[{"embeddable":true,"href":"https:\/\/carokez.sk\/index.php\/wp-json\/wp\/v2\/users\/1"}],"replies":[{"embeddable":true,"href":"https:\/\/carokez.sk\/index.php\/wp-json\/wp\/v2\/comments?post=8"}],"version-history":[{"count":20,"href":"https:\/\/carokez.sk\/index.php\/wp-json\/wp\/v2\/pages\/8\/revisions"}],"predecessor-version":[{"id":882,"href":"https:\/\/carokez.sk\/index.php\/wp-json\/wp\/v2\/pages\/8\/revisions\/882"}],"wp:attachment":[{"href":"https:\/\/carokez.sk\/index.php\/wp-json\/wp\/v2\/media?parent=8"}],"curies":[{"name":"wp","href":"https:\/\/api.w.org\/{rel}","templated":true}]}}