{"id":810,"date":"2020-11-19T09:09:32","date_gmt":"2020-11-19T08:09:32","guid":{"rendered":"https:\/\/carokez.sk\/?page_id=810"},"modified":"2020-11-19T09:46:56","modified_gmt":"2020-11-19T08:46:56","slug":"oddiel-rovinka","status":"publish","type":"page","link":"https:\/\/carokez.sk\/index.php\/oddiel-rovinka\/","title":{"rendered":"Oddiel Rovinka"},"content":{"rendered":"\n<p><strong>Vodca oddielu: Majka<\/strong><br><em>e-mail: <strong>carokez <\/strong>zavin\u00e1\u010d <strong>carokez <\/strong>bodka <strong>sk<\/strong><\/em><br><br>Oddiel vznikol form\u00e1lne od 1.9.2018 na p\u00f4de obc\u00ed Rovinka a Dunajsk\u00e1 Lu\u017en\u00e1. V auguste 2018 sme sa geograficky pod\u013ea obc\u00ed rozdelili na samostatn\u00e9 oddiely, ktor\u00e9 dnes tvoria n\u00e1\u0161 <a href=\"https:\/\/carokez.sk\/index.php\/o-stranke\/\" data-type=\"9\">zbor \u010carok\u00e9z<\/a>.<br><br>Oddiel Rovinka aktu\u00e1lne nem\u00e1 vlastn\u00fa klubov\u0148u.<br>Dru\u017einy sa stret\u00e1vaj\u00fa spravidla 1x t\u00fd\u017edenne. Miesto stretnutia je v zimn\u00fdch mesiacoch, alebo v pr\u00edpade nepriazniv\u00e9ho po\u010dasia  v dome kult\u00fary.<br>Ke\u010f to po\u010dasie umo\u017e\u0148uje, stret\u00e1vame sa &#8222;pod Platanom&#8220; za obecn\u00fdm \u00faradom, resp. dru\u017eina Biele Pumy sa stret\u00e1va pri jazere za hr\u00e1dzou.<br><br><strong>Oddiel je tvoren\u00fd dru\u017einami:<\/strong><br><a href=\"https:\/\/carokez.sk\/index.php\/druziny\/biele_pumy\/\" data-type=\"32\">Biele Pumy<\/a><br><a href=\"https:\/\/carokez.sk\/index.php\/druziny\/draci\/\" data-type=\"82\">Draci<\/a><br><a href=\"https:\/\/carokez.sk\/index.php\/druziny\/macicky\/\" data-type=\"34\">Ma\u010di\u010dky<\/a><\/p>\n","protected":false},"excerpt":{"rendered":"<p>Vodca oddielu: Majkae-mail: carokez zavin\u00e1\u010d carokez bodka sk Oddiel vznikol form\u00e1lne od 1.9.2018 na p\u00f4de obc\u00ed Rovinka a Dunajsk\u00e1 Lu\u017en\u00e1. V auguste 2018 sme sa geograficky pod\u013ea obc\u00ed rozdelili na samostatn\u00e9 oddiely, ktor\u00e9 dnes tvoria n\u00e1\u0161 zbor \u010carok\u00e9z. Oddiel Rovinka aktu\u00e1lne nem\u00e1 vlastn\u00fa klubov\u0148u.Dru\u017einy sa stret\u00e1vaj\u00fa spravidla 1x t\u00fd\u017edenne. Miesto stretnutia je v zimn\u00fdch mesiacoch, &hellip;<br \/><a href=\"https:\/\/carokez.sk\/index.php\/oddiel-rovinka\/\" class=\"more-link pen_button pen_element_default pen_icon_arrow_double\">\u010c\u00edta\u0165 \u010falej <span class=\"screen-reader-text\">Oddiel Rovinka<\/span><\/a><\/p>\n","protected":false},"author":1,"featured_media":0,"parent":0,"menu_order":0,"comment_status":"closed","ping_status":"closed","template":"","meta":{"ngg_post_thumbnail":0},"_links":{"self":[{"href":"https:\/\/carokez.sk\/index.php\/wp-json\/wp\/v2\/pages\/810"}],"collection":[{"href":"https:\/\/carokez.sk\/index.php\/wp-json\/wp\/v2\/pages"}],"about":[{"href":"https:\/\/carokez.sk\/index.php\/wp-json\/wp\/v2\/types\/page"}],"author":[{"embeddable":true,"href":"https:\/\/carokez.sk\/index.php\/wp-json\/wp\/v2\/users\/1"}],"replies":[{"embeddable":true,"href":"https:\/\/carokez.sk\/index.php\/wp-json\/wp\/v2\/comments?post=810"}],"version-history":[{"count":4,"href":"https:\/\/carokez.sk\/index.php\/wp-json\/wp\/v2\/pages\/810\/revisions"}],"predecessor-version":[{"id":826,"href":"https:\/\/carokez.sk\/index.php\/wp-json\/wp\/v2\/pages\/810\/revisions\/826"}],"wp:attachment":[{"href":"https:\/\/carokez.sk\/index.php\/wp-json\/wp\/v2\/media?parent=810"}],"curies":[{"name":"wp","href":"https:\/\/api.w.org\/{rel}","templated":true}]}}