{"id":812,"date":"2020-11-19T09:21:38","date_gmt":"2020-11-19T08:21:38","guid":{"rendered":"https:\/\/carokez.sk\/?page_id=812"},"modified":"2021-07-14T08:04:45","modified_gmt":"2021-07-14T06:04:45","slug":"oddiel-dunajska-luzna","status":"publish","type":"page","link":"https:\/\/carokez.sk\/index.php\/oddiel-dunajska-luzna\/","title":{"rendered":"Oddiel Dunajsk\u00e1 Lu\u017en\u00e1"},"content":{"rendered":"\n<p><strong>Vodca oddielu: Drobec<\/strong><br><em>e-mail: <strong>skautingdl <\/strong>zavin\u00e1\u010d <strong>gmail <\/strong>bodka <strong>com<\/strong><\/em><br><br>Oddiel vznikol form\u00e1lne od 1.9.2018 na p\u00f4de obc\u00ed Rovinka a Dunajsk\u00e1 Lu\u017en\u00e1. V auguste 2018 sme sa geograficky pod\u013ea obc\u00ed rozdelili na samostatn\u00e9 oddiely, ktor\u00e9 dnes tvoria n\u00e1\u0161 <a href=\"https:\/\/carokez.sk\/index.php\/o-stranke\/\">zbor \u010carok\u00e9z<\/a>.<\/p>\n\n\n\n<p>Oddiel Dunajsk\u00e1 Lu\u017en\u00e1 aktu\u00e1lne nem\u00e1 vlastn\u00fa klubov\u0148u.<br>Dru\u017einy sa stret\u00e1vaj\u00fa spravidla 1x t\u00fd\u017edenne. Miesto stretnutia je v <a rel=\"noreferrer noopener\" href=\"https:\/\/dunajskaluzna.fara.sk\/?page_id=598\" target=\"_blank\">klube Ostrov<\/a> na J\u00e1no\u0161\u00edkovskej ulici 465\/5 hne\u010f ved\u013ea Obecn\u00e9ho \u00faradu v budove Cirkevnej materskej \u0161k\u00f4lky.<\/p>\n\n\n\n<p><strong>Oddiel je tvoren\u00fd dru\u017einami:<\/strong><br><a href=\"https:\/\/carokez.sk\/index.php\/druziny\/biele_pumy\/\">Li\u0161iaci<\/a><br><a href=\"https:\/\/carokez.sk\/index.php\/druziny\/druzina-4\/\" data-type=\"86\">Hviezdi\u010dky<br><\/a><a href=\"https:\/\/carokez.sk\/index.php\/tigri\/\" data-type=\"695\">Tigri<\/a><br><a href=\"https:\/\/carokez.sk\/index.php\/skorpiony\/\" data-type=\"359\">\u0160korpi\u00f3ny<\/a><\/p>\n","protected":false},"excerpt":{"rendered":"<p>Vodca oddielu: Drobece-mail: skautingdl zavin\u00e1\u010d gmail bodka com Oddiel vznikol form\u00e1lne od 1.9.2018 na p\u00f4de obc\u00ed Rovinka a Dunajsk\u00e1 Lu\u017en\u00e1. V auguste 2018 sme sa geograficky pod\u013ea obc\u00ed rozdelili na samostatn\u00e9 oddiely, ktor\u00e9 dnes tvoria n\u00e1\u0161 zbor \u010carok\u00e9z. Oddiel Dunajsk\u00e1 Lu\u017en\u00e1 aktu\u00e1lne nem\u00e1 vlastn\u00fa klubov\u0148u.Dru\u017einy sa stret\u00e1vaj\u00fa spravidla 1x t\u00fd\u017edenne. Miesto stretnutia je v klube &hellip;<br \/><a href=\"https:\/\/carokez.sk\/index.php\/oddiel-dunajska-luzna\/\" class=\"more-link pen_button pen_element_default pen_icon_arrow_double\">\u010c\u00edta\u0165 \u010falej <span class=\"screen-reader-text\">Oddiel Dunajsk\u00e1 Lu\u017en\u00e1<\/span><\/a><\/p>\n","protected":false},"author":1,"featured_media":0,"parent":0,"menu_order":0,"comment_status":"closed","ping_status":"closed","template":"","meta":{"ngg_post_thumbnail":0},"_links":{"self":[{"href":"https:\/\/carokez.sk\/index.php\/wp-json\/wp\/v2\/pages\/812"}],"collection":[{"href":"https:\/\/carokez.sk\/index.php\/wp-json\/wp\/v2\/pages"}],"about":[{"href":"https:\/\/carokez.sk\/index.php\/wp-json\/wp\/v2\/types\/page"}],"author":[{"embeddable":true,"href":"https:\/\/carokez.sk\/index.php\/wp-json\/wp\/v2\/users\/1"}],"replies":[{"embeddable":true,"href":"https:\/\/carokez.sk\/index.php\/wp-json\/wp\/v2\/comments?post=812"}],"version-history":[{"count":5,"href":"https:\/\/carokez.sk\/index.php\/wp-json\/wp\/v2\/pages\/812\/revisions"}],"predecessor-version":[{"id":879,"href":"https:\/\/carokez.sk\/index.php\/wp-json\/wp\/v2\/pages\/812\/revisions\/879"}],"wp:attachment":[{"href":"https:\/\/carokez.sk\/index.php\/wp-json\/wp\/v2\/media?parent=812"}],"curies":[{"name":"wp","href":"https:\/\/api.w.org\/{rel}","templated":true}]}}