{"id":814,"date":"2020-11-19T09:32:52","date_gmt":"2020-11-19T08:32:52","guid":{"rendered":"https:\/\/carokez.sk\/?page_id=814"},"modified":"2024-01-17T21:33:56","modified_gmt":"2024-01-17T20:33:56","slug":"oddiel-malinovo","status":"publish","type":"page","link":"https:\/\/carokez.sk\/index.php\/oddiel-malinovo\/","title":{"rendered":"Oddiel Malinovo"},"content":{"rendered":"\n<p><strong>Vodca oddielu: Vrabec<\/strong><br><em>e-mail: <strong>carokez <\/strong>zavin\u00e1\u010d <strong>carokez <\/strong>bodka <strong>sk<\/strong><\/em><br><br>Oddiel vznikol v septembri 2020 a zdru\u017euje miestne v\u010dielky a v\u013a\u010dat\u00e1 (vekov\u00e1 kateg\u00f3ria 6-10 rokov), skautky a skautov (vekov\u00e1 kateg\u00f3ria 11-99 rokov) a najnov\u0161ie najmlad\u0161ia dru\u017eina pred\u0161kol\u00e1kov (vekov\u00e1 kateg\u00f3ria do 6 rokov).<br><\/p>\n\n\n\n<p><strong>Stretnutia b\u00fdvaj\u00fa ka\u017ed\u00fd  \u0161tvrtok 17:00-18:30 vo ve\u013ekom parku za Spojenou \u0161kolou<\/strong>, v zimnom obdob\u00ed v <strong>Hasi\u010dskej zbrojnici<\/strong>.<br><\/p>\n\n\n\n<p>Na\u0161\u00edm cie\u013eom je by\u0165 dobr\u00fdmi skautmi, ktor\u00ed pom\u00e1haj\u00fa pr\u00edrode v na\u0161om okol\u00ed, na\u0161ej obci a \u013eu\u010fom okolo n\u00e1s.<br>&nbsp;M\u00e1me radi hry, pr\u00edrodu a radi sa o nej dozved\u00e1me pre n\u00e1s nov\u00e9 veci.<\/p>\n\n\n\n<p><\/p>\n","protected":false},"excerpt":{"rendered":"<p>Vodca oddielu: Vrabece-mail: carokez zavin\u00e1\u010d carokez bodka sk Oddiel vznikol v septembri 2020 a zdru\u017euje miestne v\u010dielky a v\u013a\u010dat\u00e1 (vekov\u00e1 kateg\u00f3ria 6-10 rokov), skautky a skautov (vekov\u00e1 kateg\u00f3ria 11-99 rokov) a najnov\u0161ie najmlad\u0161ia dru\u017eina pred\u0161kol\u00e1kov (vekov\u00e1 kateg\u00f3ria do 6 rokov). Stretnutia b\u00fdvaj\u00fa ka\u017ed\u00fd \u0161tvrtok 17:00-18:30 vo ve\u013ekom parku za Spojenou \u0161kolou, v zimnom obdob\u00ed v &hellip;<br \/><a href=\"https:\/\/carokez.sk\/index.php\/oddiel-malinovo\/\" class=\"more-link pen_button pen_element_default pen_icon_arrow_double\">\u010c\u00edta\u0165 \u010falej <span class=\"screen-reader-text\">Oddiel Malinovo<\/span><\/a><\/p>\n","protected":false},"author":1,"featured_media":0,"parent":0,"menu_order":0,"comment_status":"closed","ping_status":"closed","template":"","meta":{"ngg_post_thumbnail":0},"_links":{"self":[{"href":"https:\/\/carokez.sk\/index.php\/wp-json\/wp\/v2\/pages\/814"}],"collection":[{"href":"https:\/\/carokez.sk\/index.php\/wp-json\/wp\/v2\/pages"}],"about":[{"href":"https:\/\/carokez.sk\/index.php\/wp-json\/wp\/v2\/types\/page"}],"author":[{"embeddable":true,"href":"https:\/\/carokez.sk\/index.php\/wp-json\/wp\/v2\/users\/1"}],"replies":[{"embeddable":true,"href":"https:\/\/carokez.sk\/index.php\/wp-json\/wp\/v2\/comments?post=814"}],"version-history":[{"count":3,"href":"https:\/\/carokez.sk\/index.php\/wp-json\/wp\/v2\/pages\/814\/revisions"}],"predecessor-version":[{"id":1015,"href":"https:\/\/carokez.sk\/index.php\/wp-json\/wp\/v2\/pages\/814\/revisions\/1015"}],"wp:attachment":[{"href":"https:\/\/carokez.sk\/index.php\/wp-json\/wp\/v2\/media?parent=814"}],"curies":[{"name":"wp","href":"https:\/\/api.w.org\/{rel}","templated":true}]}}