{"id":82,"date":"2018-10-08T12:59:38","date_gmt":"2018-10-08T10:59:38","guid":{"rendered":"https:\/\/carokez.sk\/?page_id=82"},"modified":"2024-01-03T17:12:50","modified_gmt":"2024-01-03T16:12:50","slug":"draci","status":"publish","type":"page","link":"https:\/\/carokez.sk\/index.php\/oddiely\/draci\/","title":{"rendered":"Draci"},"content":{"rendered":"<p><img src=\"https:\/\/carokez.sk\/wp-content\/uploads\/2018\/10\/logo_draci_male.jpg\" alt=\"Draci\" align=\"left\" hspace=\"10\/\"><strong>Draci<\/strong><\/p>\n<p>Chlapci 10-13 rokov \u2013 miesto stretnutia Rovinka (pod platanom)&nbsp; Utorok 17:00-18:30<br \/>\n<strong>radca: Biely Medve\u010f<\/strong><\/p>\n<p><strong>Pre\u010do Draci?<\/strong><br \/>\nDrak je b\u00e1jne zviera. Ur\u010dite to nie je zloduch, ktor\u00fd sa sna\u017e\u00ed zo\u017era\u0165 princezn\u00fa, ako ho pozn\u00e1me z \u013eudov\u00fdch rozpr\u00e1vok. My sme si zvolili draka preto, \u017ee m\u00e1 mno\u017estvo pozit\u00edvnych vlastnost\u00ed, ktor\u00e9 chceme nasledova\u0165.<br \/>\nV prvom rade s\u00fa draci ve\u013emi star\u00e9 a ve\u013emi sk\u00fasen\u00e9 tvory. S\u00fa nesmierne inteligentn\u00e9. S\u00fa siln\u00e9 a mo\u017eno ich pova\u017eova\u0165 za dobr\u00fdch str\u00e1\u017ecov \u010dohoko\u013evek, \u010do je pre nich vz\u00e1cne.<br \/>\nDraci s\u00fa mimoriadne \u010destn\u00e9 tvory. Pozn\u00e1me to dokonca aj z rozpr\u00e1vok, kde vystupuj\u00fa, ako negat\u00edvne postavy, kde by rytiera mohli u\u0161kvari\u0165 svojim plame\u0148om, ale drak vych\u00e1dza \u010destne do boja.<br \/>\nDraci miluj\u00fa pravdu. Zastan\u00fa sa nevinn\u00fdch a s\u00fa vytrval\u00ed.<br \/>\nDraci v\u0161ak v\u010faka svojmu temperamentu, spont\u00e1nnosti a impulz\u00edvnosti \u010dasto jednaj\u00fa neuv\u00e1\u017eene. Toto je vec, s ktorou chceme bojova\u0165 aj my v na\u0161ej dru\u017eine a chceme dok\u00e1za\u0165, \u017ee draci sa naozaj dok\u00e1\u017eu zap\u00e1li\u0165 pre dobr\u00fa vec a chceme nasledova\u0165 v\u0161etky jeho dobr\u00e9 vlastnosti.<\/p>\n<p><strong>Hist\u00f3ria<br \/>\n<\/strong>Na\u0161a dru\u017eina sa prv\u00fd kr\u00e1t stretla 25.9.2018. Tvor\u00ed ju aktu\u00e1lne 8-10 \u010dlenov. Napriek tomu, \u017ee mnoh\u00ed sa videli prv\u00fd kr\u00e1t, panuje u n\u00e1s duch priate\u013estva a sna\u017e\u00edme sa vytvori\u0165 dob\u00fa partiu.<\/p>\n","protected":false},"excerpt":{"rendered":"<p>Draci Chlapci 10-13 rokov \u2013 miesto stretnutia Rovinka (pod platanom)&nbsp; Utorok 17:00-18:30 radca: Biely Medve\u010f Pre\u010do Draci? Drak je b\u00e1jne zviera. Ur\u010dite to nie je zloduch, ktor\u00fd sa sna\u017e\u00ed zo\u017era\u0165 princezn\u00fa, ako ho pozn\u00e1me z \u013eudov\u00fdch rozpr\u00e1vok. My sme si zvolili draka preto, \u017ee m\u00e1 mno\u017estvo pozit\u00edvnych vlastnost\u00ed, ktor\u00e9 chceme nasledova\u0165. V prvom rade s\u00fa &hellip;<br \/><a href=\"https:\/\/carokez.sk\/index.php\/oddiely\/draci\/\" class=\"more-link pen_button pen_element_default pen_icon_arrow_double\">\u010c\u00edta\u0165 \u010falej <span class=\"screen-reader-text\">Draci<\/span><\/a><\/p>\n","protected":false},"author":1,"featured_media":0,"parent":36,"menu_order":0,"comment_status":"closed","ping_status":"closed","template":"","meta":{"ngg_post_thumbnail":0},"_links":{"self":[{"href":"https:\/\/carokez.sk\/index.php\/wp-json\/wp\/v2\/pages\/82"}],"collection":[{"href":"https:\/\/carokez.sk\/index.php\/wp-json\/wp\/v2\/pages"}],"about":[{"href":"https:\/\/carokez.sk\/index.php\/wp-json\/wp\/v2\/types\/page"}],"author":[{"embeddable":true,"href":"https:\/\/carokez.sk\/index.php\/wp-json\/wp\/v2\/users\/1"}],"replies":[{"embeddable":true,"href":"https:\/\/carokez.sk\/index.php\/wp-json\/wp\/v2\/comments?post=82"}],"version-history":[{"count":11,"href":"https:\/\/carokez.sk\/index.php\/wp-json\/wp\/v2\/pages\/82\/revisions"}],"predecessor-version":[{"id":1009,"href":"https:\/\/carokez.sk\/index.php\/wp-json\/wp\/v2\/pages\/82\/revisions\/1009"}],"up":[{"embeddable":true,"href":"https:\/\/carokez.sk\/index.php\/wp-json\/wp\/v2\/pages\/36"}],"wp:attachment":[{"href":"https:\/\/carokez.sk\/index.php\/wp-json\/wp\/v2\/media?parent=82"}],"curies":[{"name":"wp","href":"https:\/\/api.w.org\/{rel}","templated":true}]}}