{"id":839,"date":"2021-01-20T09:43:51","date_gmt":"2021-01-20T08:43:51","guid":{"rendered":"https:\/\/carokez.sk\/?page_id=839"},"modified":"2025-12-03T09:28:03","modified_gmt":"2025-12-03T08:28:03","slug":"vyrocna-sprava","status":"publish","type":"page","link":"https:\/\/carokez.sk\/index.php\/vyrocna-sprava\/","title":{"rendered":"V\u00fdro\u010dn\u00e1 spr\u00e1va"},"content":{"rendered":"\n<p>Radi pos\u00favame na\u0161e hranice. Chceme sa neust\u00e1le zlep\u0161ova\u0165 a robi\u0165 veci lep\u0161ie. Malou pom\u00f4ckou m\u00f4\u017ee by\u0165 pre n\u00e1s aj poohliadnutie sa za minul\u00fdm rokom, \u010do sa n\u00e1m podarilo a \u010do naopak nebolo pod\u013ea na\u0161ich predst\u00e1v a mus\u00edme na tom zapracova\u0165.<br>Toto poohliadnutie je z\u00e1rove\u0148 kr\u00e1tkym zhodnoten\u00edm roka pre na\u0161ich rodi\u010dov, \u010dlenov a priaznivcov.<br><br><em>Samostatn\u00fd 42. zbor \u010carok\u00e9z, \u017ditn\u00fd ostrov<\/em><br><a href=\"https:\/\/drive.google.com\/file\/d\/1Qhzy6O8cwtX_DLZ6lKVctdjauRIpe6Yz\/view?usp=sharing\" target=\"_blank\" rel=\"noreferrer noopener\">v\u00fdro\u010dn\u00e1 spr\u00e1va 2024<\/a><br><a href=\"https:\/\/drive.google.com\/file\/d\/1AMgCGF8djiYFht5chI_9_CQp2M1w9jAK\/view?usp=sharing\" target=\"_blank\" rel=\"noreferrer noopener\">v\u00fdro\u010dn\u00e1 spr\u00e1va 2023<\/a><br><a href=\"https:\/\/drive.google.com\/file\/d\/1tMNUS8DrhwkOmvsr0py9mg6wJ6h7MDg9\/view?usp=sharing\" target=\"_blank\" rel=\"noreferrer noopener\">v\u00fdro\u010dn\u00e1 spr\u00e1va 2022<\/a><br><a href=\"https:\/\/drive.google.com\/file\/d\/1HsO8JvACAK5x_r1B1_embVGKKdF5dqhi\/view?usp=sharing\" target=\"_blank\" rel=\"noreferrer noopener\">v\u00fdro\u010dn\u00e1 spr\u00e1va 2021<\/a><br><a rel=\"noreferrer noopener\" href=\"https:\/\/drive.google.com\/file\/d\/1HsO8JvACAK5x_r1B1_embVGKKdF5dqhi\/view?usp=sharing\" target=\"_blank\">v\u00fdro\u010dn\u00e1 spr\u00e1va 2020<\/a><br><br><em>oddiel  \u010carok\u00e9z &#8211; s\u00fa\u010das\u0165 11. zboru Biele Delf\u00edny<\/em><br><a rel=\"noreferrer noopener\" href=\"https:\/\/drive.google.com\/file\/d\/1Paa2lX6nNSdFEzLDlfwAWJThmVawsjhV\/view?usp=sharing\" target=\"_blank\">v\u00fdro\u010dn\u00e1 spr\u00e1va 2019<\/a><br><a rel=\"noreferrer noopener\" href=\"https:\/\/drive.google.com\/file\/d\/1wctFE1KfXeELVrrLdR06nyOnvLXXtLr-\/view?usp=sharing\" target=\"_blank\">v\u00fdro\u010dn\u00e1 spr\u00e1va 2018<\/a><br><br><\/p>\n","protected":false},"excerpt":{"rendered":"<p>Radi pos\u00favame na\u0161e hranice. Chceme sa neust\u00e1le zlep\u0161ova\u0165 a robi\u0165 veci lep\u0161ie. Malou pom\u00f4ckou m\u00f4\u017ee by\u0165 pre n\u00e1s aj poohliadnutie sa za minul\u00fdm rokom, \u010do sa n\u00e1m podarilo a \u010do naopak nebolo pod\u013ea na\u0161ich predst\u00e1v a mus\u00edme na tom zapracova\u0165.Toto poohliadnutie je z\u00e1rove\u0148 kr\u00e1tkym zhodnoten\u00edm roka pre na\u0161ich rodi\u010dov, \u010dlenov a priaznivcov. Samostatn\u00fd 42. zbor &hellip;<br \/><a href=\"https:\/\/carokez.sk\/index.php\/vyrocna-sprava\/\" class=\"more-link pen_button pen_element_default pen_icon_arrow_double\">\u010c\u00edta\u0165 \u010falej <span class=\"screen-reader-text\">V\u00fdro\u010dn\u00e1 spr\u00e1va<\/span><\/a><\/p>\n","protected":false},"author":1,"featured_media":0,"parent":0,"menu_order":0,"comment_status":"closed","ping_status":"closed","template":"","meta":{"ngg_post_thumbnail":0},"_links":{"self":[{"href":"https:\/\/carokez.sk\/index.php\/wp-json\/wp\/v2\/pages\/839"}],"collection":[{"href":"https:\/\/carokez.sk\/index.php\/wp-json\/wp\/v2\/pages"}],"about":[{"href":"https:\/\/carokez.sk\/index.php\/wp-json\/wp\/v2\/types\/page"}],"author":[{"embeddable":true,"href":"https:\/\/carokez.sk\/index.php\/wp-json\/wp\/v2\/users\/1"}],"replies":[{"embeddable":true,"href":"https:\/\/carokez.sk\/index.php\/wp-json\/wp\/v2\/comments?post=839"}],"version-history":[{"count":4,"href":"https:\/\/carokez.sk\/index.php\/wp-json\/wp\/v2\/pages\/839\/revisions"}],"predecessor-version":[{"id":1024,"href":"https:\/\/carokez.sk\/index.php\/wp-json\/wp\/v2\/pages\/839\/revisions\/1024"}],"wp:attachment":[{"href":"https:\/\/carokez.sk\/index.php\/wp-json\/wp\/v2\/media?parent=839"}],"curies":[{"name":"wp","href":"https:\/\/api.w.org\/{rel}","templated":true}]}}