{"id":84,"date":"2018-10-08T13:00:39","date_gmt":"2018-10-08T11:00:39","guid":{"rendered":"https:\/\/carokez.sk\/?page_id=84"},"modified":"2018-11-22T11:02:27","modified_gmt":"2018-11-22T10:02:27","slug":"druzina-3","status":"publish","type":"page","link":"https:\/\/carokez.sk\/index.php\/oddiely\/druzina-3\/","title":{"rendered":"Li\u0161iaci"},"content":{"rendered":"<p><strong>Li\u0161iaci<\/strong><\/p>\n<p>Chlapci 6-9 rokov \u2013 miesto stretnutia Dunajsk\u00e1 Lu\u017en\u00e1 (Klub Ostrov) \u2013 \u0160tvrtok 17:00-18:30<br \/>\n<strong>radca: Jacho<\/strong><br \/>\n<em>( u\u00a0skautov sa t\u00e1to vekov\u00e1 skupina naz\u00fdva v\u013a\u010dat\u00e1)<\/em><\/p>\n<p>Sme mal\u00ed Li\u0161iaci, lebo sme chlapci \u010do chc\u00fa st\u00e1le nie\u010do objavova\u0165, st\u00e1le po nie\u010dom p\u00e1trame a\u00a0st\u00e1le sa u\u010d\u00edme hrou. Sme trochu neposedn\u00ed, \u0161ibali a\u00a0ob\u010das trochu vystr\u00e1jame. H\u013ead\u00e1me len to najlep\u0161ie v \u017eivote a chceme sa o to podeli\u0165 aj so svojimi priate\u013emi. M\u00e1me sa navz\u00e1jom radi, by\u0165 sami n\u00e1s pr\u00edli\u0161 nebav\u00ed. Na\u0161a dru\u017eina vznikla hne\u010f na za\u010diatku skautingu v\u00a0Dunajskej Lu\u017enej v\u00a0polovici Septembra 2018, av\u0161ak na n\u00e1zve Li\u0161iaci sme sa dohodli a\u017e 15.11.2018.<\/p>\n<p style=\"font-weight: 400;\">Raz z\u00a0n\u00e1s bud\u00fa ve\u013ek\u00ed Li\u0161iaci. Dovtedy mus\u00edme e\u0161te ve\u013ea vec\u00ed objavi\u0165 a\u00a0nau\u010di\u0165 sa. Mus\u00edme sa nau\u010di\u0165 v\u0161etk\u00fdm lesn\u00fdm tajomstv\u00e1m a\u00a0nau\u010di\u0165 sa, kde je na\u0161e miesto. Budeme zdrav\u00ed, budeme sa o\u00a0seba stara\u0165 a\u00a0ni\u010d neponech\u00e1me na n\u00e1hodu. M\u00e1me v povahe akt\u00edvne, spont\u00e1nne a z\u00e1bavn\u00e9 vlastnosti. Chceme \u013eud\u00ed okolo seba\u00a0\u00a0zauja\u0165. Sme oddan\u00ed a srde\u010dn\u00ed kamar\u00e1ti a\u00a0chceme aby mali ostatn\u00ed s\u00a0nami ve\u013ea z\u00e1bavy.<\/p>\n","protected":false},"excerpt":{"rendered":"<p>Li\u0161iaci Chlapci 6-9 rokov \u2013 miesto stretnutia Dunajsk\u00e1 Lu\u017en\u00e1 (Klub Ostrov) \u2013 \u0160tvrtok 17:00-18:30 radca: Jacho ( u\u00a0skautov sa t\u00e1to vekov\u00e1 skupina naz\u00fdva v\u013a\u010dat\u00e1) Sme mal\u00ed Li\u0161iaci, lebo sme chlapci \u010do chc\u00fa st\u00e1le nie\u010do objavova\u0165, st\u00e1le po nie\u010dom p\u00e1trame a\u00a0st\u00e1le sa u\u010d\u00edme hrou. Sme trochu neposedn\u00ed, \u0161ibali a\u00a0ob\u010das trochu vystr\u00e1jame. H\u013ead\u00e1me len to najlep\u0161ie v &hellip;<br \/><a href=\"https:\/\/carokez.sk\/index.php\/oddiely\/druzina-3\/\" class=\"more-link pen_button pen_element_default pen_icon_arrow_double\">\u010c\u00edta\u0165 \u010falej <span class=\"screen-reader-text\">Li\u0161iaci<\/span><\/a><\/p>\n","protected":false},"author":1,"featured_media":0,"parent":36,"menu_order":0,"comment_status":"closed","ping_status":"closed","template":"","meta":{"ngg_post_thumbnail":0},"_links":{"self":[{"href":"https:\/\/carokez.sk\/index.php\/wp-json\/wp\/v2\/pages\/84"}],"collection":[{"href":"https:\/\/carokez.sk\/index.php\/wp-json\/wp\/v2\/pages"}],"about":[{"href":"https:\/\/carokez.sk\/index.php\/wp-json\/wp\/v2\/types\/page"}],"author":[{"embeddable":true,"href":"https:\/\/carokez.sk\/index.php\/wp-json\/wp\/v2\/users\/1"}],"replies":[{"embeddable":true,"href":"https:\/\/carokez.sk\/index.php\/wp-json\/wp\/v2\/comments?post=84"}],"version-history":[{"count":3,"href":"https:\/\/carokez.sk\/index.php\/wp-json\/wp\/v2\/pages\/84\/revisions"}],"predecessor-version":[{"id":369,"href":"https:\/\/carokez.sk\/index.php\/wp-json\/wp\/v2\/pages\/84\/revisions\/369"}],"up":[{"embeddable":true,"href":"https:\/\/carokez.sk\/index.php\/wp-json\/wp\/v2\/pages\/36"}],"wp:attachment":[{"href":"https:\/\/carokez.sk\/index.php\/wp-json\/wp\/v2\/media?parent=84"}],"curies":[{"name":"wp","href":"https:\/\/api.w.org\/{rel}","templated":true}]}}